{"id":11273,"date":"2023-10-19T05:47:04","date_gmt":"2023-10-19T03:47:04","guid":{"rendered":"http:\/\/klubmamgdynia.pl\/?post_type=product&#038;p=11273"},"modified":"2026-04-28T06:52:00","modified_gmt":"2026-04-28T04:52:00","slug":"2-zlote-superzings-i-ultra-rare-kid-kazoomzestaw-zawiera1-superzings1-ulotka-z-bohateramicechyponad-80-nowych-superzings-do-zebraniaultra-rzadki-kid-kazoomkazda-druzyna-ma-swoja-rywalizujac","status":"publish","type":"product","link":"http:\/\/klubmamgdynia.pl\/index.php\/produkt\/2-zlote-superzings-i-ultra-rare-kid-kazoomzestaw-zawiera1-superzings1-ulotka-z-bohateramicechyponad-80-nowych-superzings-do-zebraniaultra-rzadki-kid-kazoomkazda-druzyna-ma-swoja-rywalizujac\/","title":{"rendered":"2 z\u0142ote SuperZings &#8230; i Ultra-Rare: Kid Kazoom!ZESTAW ZAWIERA:1 SUPERZINGS1 ULOTKA Z BOHATERAMICechy:Ponad 80 nowych SuperZings do zebrania!Ultra-rzadki: Kid Kazoom!Ka\u017cda dru\u017cyna ma swoj\u0105 rywalizuj\u0105c\u0105 par\u0119; dw\u00f3ch superbohater\u00f3w kontra dw\u00f3ch z\u0142oczy\u0144c\u00f3w.wiek dziecka: powy\u017cej 3 roku \u017cyciawysy\u0142ka losowaWymiary :8 cm x 9 cm x 1"},"content":{"rendered":"<h2>2 z\u0142ote SuperZings &#8230; i Ultra-Rare: Kid Kazoom!ZESTAW ZAWIERA:1 SUPERZINGS1 ULOTKA Z BOHATERAMICechy:Ponad 80 nowych SuperZings do zebrania!Ultra-rzadki: Kid Kazoom!Ka\u017cda dru\u017cyna ma swoj\u0105 rywalizuj\u0105c\u0105 par\u0119; dw\u00f3ch superbohater\u00f3w kontra dw\u00f3ch z\u0142oczy\u0144c\u00f3w.wiek dziecka: powy\u017cej 3 roku \u017cyciawysy\u0142ka losowaWymiary :8 cm x 9 cm x 1 <\/h2>\n<p>urodziny dziecka pomys\u0142y, kolorowanki do druku lol, kolorowe kanapki kanapki dla dzieci, zabawy z 7 latkiem, dymitr, pia, mapa polski do wydrukowania za darmo, quiz o bo\u017cym narodzeniu, malowanki do wydruku, zagadki na logik\u0119, zagadki z odpowiedziami dla dzieci, kolorowanki do druku zwierz\u0119ta, prezent dla nastolatk\u00f3w 2021<\/p>\n<p>yyyyy<\/p>\n<p>&nbsp;<\/p>\n","protected":false},"excerpt":{"rendered":"<p>2 z\u0142ote SuperZings &#8230; i Ultra-Rare: Kid Kazoom!ZESTAW ZAWIERA:1 SUPERZINGS1 ULOTKA Z BOHATERAMICechy:Ponad 80 nowych SuperZings do zebrania!Ultra-rzadki: Kid Kazoom!Ka\u017cda dru\u017cyna ma swoj\u0105 rywalizuj\u0105c\u0105 par\u0119; dw\u00f3ch superbohater\u00f3w kontra dw\u00f3ch z\u0142oczy\u0144c\u00f3w.wiek dziecka: powy\u017cej 3 roku \u017cyciawysy\u0142ka losowaWymiary :8 cm x 9 cm x 1 urodziny dziecka pomys\u0142y, kolorowanki do druku lol, kolorowe kanapki kanapki dla dzieci, [&hellip;]<\/p>\n","protected":false},"featured_media":0,"comment_status":"closed","ping_status":"open","template":"","meta":[],"product_cat":[],"product_tag":[867,735,840,649],"class_list":["post-11273","product","type-product","status-publish","hentry","product_tag-kolorowanki-dla-dziewczynek","product_tag-prezent-na-roczek-dziewczynka","product_tag-stare-bajki","product_tag-zagadki-dla-nastolatkow"],"_links":{"self":[{"href":"http:\/\/klubmamgdynia.pl\/index.php\/wp-json\/wp\/v2\/product\/11273","targetHints":{"allow":["GET"]}}],"collection":[{"href":"http:\/\/klubmamgdynia.pl\/index.php\/wp-json\/wp\/v2\/product"}],"about":[{"href":"http:\/\/klubmamgdynia.pl\/index.php\/wp-json\/wp\/v2\/types\/product"}],"replies":[{"embeddable":true,"href":"http:\/\/klubmamgdynia.pl\/index.php\/wp-json\/wp\/v2\/comments?post=11273"}],"wp:attachment":[{"href":"http:\/\/klubmamgdynia.pl\/index.php\/wp-json\/wp\/v2\/media?parent=11273"}],"wp:term":[{"taxonomy":"product_cat","embeddable":true,"href":"http:\/\/klubmamgdynia.pl\/index.php\/wp-json\/wp\/v2\/product_cat?post=11273"},{"taxonomy":"product_tag","embeddable":true,"href":"http:\/\/klubmamgdynia.pl\/index.php\/wp-json\/wp\/v2\/product_tag?post=11273"}],"curies":[{"name":"wp","href":"https:\/\/api.w.org\/{rel}","templated":true}]}}