{"id":11275,"date":"2019-10-28T22:29:37","date_gmt":"2019-10-28T21:29:37","guid":{"rendered":"http:\/\/klubmamgdynia.pl\/index.php\/produkt\/a-dzieki-swoim-niewielkim-rozmiarom-dziecko-moze-zabrac-maskote-wszedzie-do-przedszkola\/"},"modified":"2026-05-01T15:17:48","modified_gmt":"2026-05-01T13:17:48","slug":"a-dzieki-swoim-niewielkim-rozmiarom-dziecko-moze-zabrac-maskote-wszedzie-do-przedszkola","status":"publish","type":"product","link":"http:\/\/klubmamgdynia.pl\/index.php\/produkt\/a-dzieki-swoim-niewielkim-rozmiarom-dziecko-moze-zabrac-maskote-wszedzie-do-przedszkola\/","title":{"rendered":"a dzi\u0119ki swoim niewielkim rozmiarom dziecko mo\u017ce zabra\u0107 maskot\u0119 wsz\u0119dzie &#8211; do przedszkola"},"content":{"rendered":"<p>kompan spacer\u00f3w i codziennych zabaw. Marshall w wersji mini pluszaczka ma wysoko\u015b\u0107 ok. 7 cm. Piesek zosta\u0142 przedstawiony w pozycji siedz\u0105cej. Zabawka dla dzieci powy\u017cej 1 roku \u017cycia. Zestaw zawiera:- maskotk\u0119 &#8211; 1 szt. Wiek dziecka: 1+Ilo\u015b\u0107 element\u00f3w: 1Kod produktu: 6061062Producent: SPIN MASTERSeria: Psi Patrol<\/p>\n<h2>a dzi\u0119ki swoim niewielkim rozmiarom dziecko mo\u017ce zabra\u0107 maskot\u0119 wsz\u0119dzie &#8211; do przedszkola <\/h2>\n<p>bajki do czytania psi patrol, lol kolorowanki do druku, zagadki matematyczne logiczne, kornelia, weso\u0142e pisanki tekst piosenki, kolorowanki dla dzieci do druku, lilianna, znaczenie imienia julian, jak narysowa\u0107 kr\u00f3lika, postacie z bajek kolorowanki, cytaty o przyja\u017ani ma\u0142y ksi\u0105\u017c\u0119, ko\u0142ysanki dla dzieci + tekst, kolorowanka lego friends, jak narysowa\u0107 kr\u00f3lika, \u017cyczenia wielkanocne dla dzieci kr\u00f3tkie, hello kitty kolorowanka, uk\u0142ad s\u0142oneczny kolorowanka<\/p>\n<p>yyyyy<\/p>\n<p>&nbsp;<\/p>\n","protected":false},"excerpt":{"rendered":"<p>kompan spacer\u00f3w i codziennych zabaw. Marshall w wersji mini pluszaczka ma wysoko\u015b\u0107 ok. 7 cm. Piesek zosta\u0142 przedstawiony w pozycji siedz\u0105cej. Zabawka dla dzieci powy\u017cej 1 roku \u017cycia. Zestaw zawiera:- maskotk\u0119 &#8211; 1 szt. Wiek dziecka: 1+Ilo\u015b\u0107 element\u00f3w: 1Kod produktu: 6061062Producent: SPIN MASTERSeria: Psi Patrol a dzi\u0119ki swoim niewielkim rozmiarom dziecko mo\u017ce zabra\u0107 maskot\u0119 wsz\u0119dzie [&hellip;]<\/p>\n","protected":false},"featured_media":0,"comment_status":"closed","ping_status":"open","template":"","meta":[],"product_cat":[],"product_tag":[586,778,796,820],"class_list":["post-11275","product","type-product","status-publish","hentry","product_tag-smieszne-zagadki","product_tag-zabawki-na-roczek-dla-chlopca","product_tag-zagatki","product_tag-ziemia-wyspa-zielona-tekst"],"_links":{"self":[{"href":"http:\/\/klubmamgdynia.pl\/index.php\/wp-json\/wp\/v2\/product\/11275","targetHints":{"allow":["GET"]}}],"collection":[{"href":"http:\/\/klubmamgdynia.pl\/index.php\/wp-json\/wp\/v2\/product"}],"about":[{"href":"http:\/\/klubmamgdynia.pl\/index.php\/wp-json\/wp\/v2\/types\/product"}],"replies":[{"embeddable":true,"href":"http:\/\/klubmamgdynia.pl\/index.php\/wp-json\/wp\/v2\/comments?post=11275"}],"wp:attachment":[{"href":"http:\/\/klubmamgdynia.pl\/index.php\/wp-json\/wp\/v2\/media?parent=11275"}],"wp:term":[{"taxonomy":"product_cat","embeddable":true,"href":"http:\/\/klubmamgdynia.pl\/index.php\/wp-json\/wp\/v2\/product_cat?post=11275"},{"taxonomy":"product_tag","embeddable":true,"href":"http:\/\/klubmamgdynia.pl\/index.php\/wp-json\/wp\/v2\/product_tag?post=11275"}],"curies":[{"name":"wp","href":"https:\/\/api.w.org\/{rel}","templated":true}]}}