{"id":11276,"date":"2024-09-29T03:30:29","date_gmt":"2024-09-29T01:30:29","guid":{"rendered":"http:\/\/klubmamgdynia.pl\/?post_type=product&#038;p=11276"},"modified":"2026-05-17T20:52:17","modified_gmt":"2026-05-17T18:52:17","slug":"11276","status":"publish","type":"product","link":"http:\/\/klubmamgdynia.pl\/index.php\/produkt\/11276\/","title":{"rendered":""},"content":{"rendered":"<h2> <\/h2>\n<p>sybilla, pieski, zagadki s\u0142owne, bajka dla dzieci do czytania, mi\u0142osz imi\u0119, cukierku ty \u0142obuzie test, dorian, mia imie, bajki dla niemowl\u0105t do czytania, znaki drogowe test online, gry ruchowe dla dzieci, szlaczki literopodobne do wydruku<\/p>\n<p>yyyyy<\/p>\n<p>&nbsp;<\/p>\n","protected":false},"excerpt":{"rendered":"<p>sybilla, pieski, zagadki s\u0142owne, bajka dla dzieci do czytania, mi\u0142osz imi\u0119, cukierku ty \u0142obuzie test, dorian, mia imie, bajki dla niemowl\u0105t do czytania, znaki drogowe test online, gry ruchowe dla dzieci, szlaczki literopodobne do wydruku yyyyy &nbsp;<\/p>\n","protected":false},"featured_media":0,"comment_status":"closed","ping_status":"open","template":"","meta":[],"product_cat":[],"product_tag":[637,651,679],"class_list":["post-11276","product","type-product","status-publish","hentry","product_tag-niech-zyja-wakacje-tekst","product_tag-quizy-online","product_tag-zabawki-na-roczek-dla-dziewczynki"],"_links":{"self":[{"href":"http:\/\/klubmamgdynia.pl\/index.php\/wp-json\/wp\/v2\/product\/11276","targetHints":{"allow":["GET"]}}],"collection":[{"href":"http:\/\/klubmamgdynia.pl\/index.php\/wp-json\/wp\/v2\/product"}],"about":[{"href":"http:\/\/klubmamgdynia.pl\/index.php\/wp-json\/wp\/v2\/types\/product"}],"replies":[{"embeddable":true,"href":"http:\/\/klubmamgdynia.pl\/index.php\/wp-json\/wp\/v2\/comments?post=11276"}],"wp:attachment":[{"href":"http:\/\/klubmamgdynia.pl\/index.php\/wp-json\/wp\/v2\/media?parent=11276"}],"wp:term":[{"taxonomy":"product_cat","embeddable":true,"href":"http:\/\/klubmamgdynia.pl\/index.php\/wp-json\/wp\/v2\/product_cat?post=11276"},{"taxonomy":"product_tag","embeddable":true,"href":"http:\/\/klubmamgdynia.pl\/index.php\/wp-json\/wp\/v2\/product_tag?post=11276"}],"curies":[{"name":"wp","href":"https:\/\/api.w.org\/{rel}","templated":true}]}}