{"id":11277,"date":"2014-03-15T16:40:49","date_gmt":"2014-03-15T15:40:49","guid":{"rendered":"http:\/\/klubmamgdynia.pl\/index.php\/produkt\/magnes-i-szyne-prowadzaca\/"},"modified":"2026-04-30T19:24:59","modified_gmt":"2026-04-30T17:24:59","slug":"magnes-i-szyne-prowadzaca","status":"publish","type":"product","link":"http:\/\/klubmamgdynia.pl\/index.php\/produkt\/magnes-i-szyne-prowadzaca\/","title":{"rendered":"magnes i szyn\u0119 prowadz\u0105c\u0105."},"content":{"rendered":"<h2>magnes i szyn\u0119 prowadz\u0105c\u0105. <\/h2>\n<p>kamila, imiona z bajek, tabliczka mno\u017cenia do druku, jeremi imi\u0119, quiz pi\u0142karski, wzory zaprosze\u0144 zaproszenie na urodziny szablon do druku, linda, sky kolorowanka, quiz spos\u00f3b na alcybiadesa, iwo, zagadki dla dzieci 10 12 lat z odpowiedziami, zagadki dla 4 latka, \u015bwi\u0119ta wielkanocne piosenka tekst, kartka walentynkowa zrobiona przez dzieci, rzadkie imiona dla dziewczynek, cytaty o przyja\u017ani, atrakcje dla dzieci wroc\u0142aw 2021<\/p>\n<p>yyyyy<\/p>\n<p>&nbsp;<\/p>\n","protected":false},"excerpt":{"rendered":"<p>magnes i szyn\u0119 prowadz\u0105c\u0105. kamila, imiona z bajek, tabliczka mno\u017cenia do druku, jeremi imi\u0119, quiz pi\u0142karski, wzory zaprosze\u0144 zaproszenie na urodziny szablon do druku, linda, sky kolorowanka, quiz spos\u00f3b na alcybiadesa, iwo, zagadki dla dzieci 10 12 lat z odpowiedziami, zagadki dla 4 latka, \u015bwi\u0119ta wielkanocne piosenka tekst, kartka walentynkowa zrobiona przez dzieci, rzadkie imiona [&hellip;]<\/p>\n","protected":false},"featured_media":0,"comment_status":"closed","ping_status":"open","template":"","meta":[],"product_cat":[],"product_tag":[732,739,757],"class_list":["post-11277","product","type-product","status-publish","hentry","product_tag-prezent-dla-rocznego-chlopca","product_tag-prima-aprilis-w-szkole","product_tag-test-z-lektury-ania-z-zielonego-wzgorza-klasa-6-z-odpowiedziami"],"_links":{"self":[{"href":"http:\/\/klubmamgdynia.pl\/index.php\/wp-json\/wp\/v2\/product\/11277","targetHints":{"allow":["GET"]}}],"collection":[{"href":"http:\/\/klubmamgdynia.pl\/index.php\/wp-json\/wp\/v2\/product"}],"about":[{"href":"http:\/\/klubmamgdynia.pl\/index.php\/wp-json\/wp\/v2\/types\/product"}],"replies":[{"embeddable":true,"href":"http:\/\/klubmamgdynia.pl\/index.php\/wp-json\/wp\/v2\/comments?post=11277"}],"wp:attachment":[{"href":"http:\/\/klubmamgdynia.pl\/index.php\/wp-json\/wp\/v2\/media?parent=11277"}],"wp:term":[{"taxonomy":"product_cat","embeddable":true,"href":"http:\/\/klubmamgdynia.pl\/index.php\/wp-json\/wp\/v2\/product_cat?post=11277"},{"taxonomy":"product_tag","embeddable":true,"href":"http:\/\/klubmamgdynia.pl\/index.php\/wp-json\/wp\/v2\/product_tag?post=11277"}],"curies":[{"name":"wp","href":"https:\/\/api.w.org\/{rel}","templated":true}]}}