{"id":11278,"date":"2023-04-18T15:26:52","date_gmt":"2023-04-18T13:26:52","guid":{"rendered":"http:\/\/klubmamgdynia.pl\/?post_type=product&#038;p=11278"},"modified":"2026-05-02T11:22:43","modified_gmt":"2026-05-02T09:22:43","slug":"11278","status":"publish","type":"product","link":"http:\/\/klubmamgdynia.pl\/index.php\/produkt\/11278\/","title":{"rendered":""},"content":{"rendered":"<h2> <\/h2>\n<p>quiz o flagach europy, sentencje o dzieciach, zagadki i odpowiedzi, estera, \u0142amig\u0142\u00f3wki matematyczne, zagadki logiczne na inteligencj\u0119 dla doros\u0142ych, cytaty o wychowaniu i nauczaniu, miasto dzieci pl, zagadka dla dzieci, smok wawelski bajka, zabawy z 7 latkiem, bajki dla niemowlakow<\/p>\n<p>yyyyy<\/p>\n<p>&nbsp;<\/p>\n","protected":false},"excerpt":{"rendered":"<p>quiz o flagach europy, sentencje o dzieciach, zagadki i odpowiedzi, estera, \u0142amig\u0142\u00f3wki matematyczne, zagadki logiczne na inteligencj\u0119 dla doros\u0142ych, cytaty o wychowaniu i nauczaniu, miasto dzieci pl, zagadka dla dzieci, smok wawelski bajka, zabawy z 7 latkiem, bajki dla niemowlakow yyyyy &nbsp;<\/p>\n","protected":false},"featured_media":0,"comment_status":"closed","ping_status":"open","template":"","meta":[],"product_cat":[],"product_tag":[829,848,699,678,602,873],"class_list":["post-11278","product","type-product","status-publish","hentry","product_tag-bajki-do-czytania-na-dobranoc","product_tag-cytat-o-rodzinie","product_tag-kolorowanki-do-druku-dla-dziewczyn","product_tag-prezent-na-roczek-dla-dziewczynki","product_tag-quiz-o-zwierzetach-domowych","product_tag-zagadki-z-odpowiedziami-dla-dzieci"],"_links":{"self":[{"href":"http:\/\/klubmamgdynia.pl\/index.php\/wp-json\/wp\/v2\/product\/11278","targetHints":{"allow":["GET"]}}],"collection":[{"href":"http:\/\/klubmamgdynia.pl\/index.php\/wp-json\/wp\/v2\/product"}],"about":[{"href":"http:\/\/klubmamgdynia.pl\/index.php\/wp-json\/wp\/v2\/types\/product"}],"replies":[{"embeddable":true,"href":"http:\/\/klubmamgdynia.pl\/index.php\/wp-json\/wp\/v2\/comments?post=11278"}],"wp:attachment":[{"href":"http:\/\/klubmamgdynia.pl\/index.php\/wp-json\/wp\/v2\/media?parent=11278"}],"wp:term":[{"taxonomy":"product_cat","embeddable":true,"href":"http:\/\/klubmamgdynia.pl\/index.php\/wp-json\/wp\/v2\/product_cat?post=11278"},{"taxonomy":"product_tag","embeddable":true,"href":"http:\/\/klubmamgdynia.pl\/index.php\/wp-json\/wp\/v2\/product_tag?post=11278"}],"curies":[{"name":"wp","href":"https:\/\/api.w.org\/{rel}","templated":true}]}}