{"id":11279,"date":"2017-12-21T16:19:13","date_gmt":"2017-12-21T15:19:13","guid":{"rendered":"http:\/\/klubmamgdynia.pl\/index.php\/produkt\/z-niezwykla-starannoscia-i-dbaloscia-o-szczegoly-kolekcja-sklada-sie-z-kilku-wzorow-chase\/"},"modified":"2026-04-29T10:37:09","modified_gmt":"2026-04-29T08:37:09","slug":"z-niezwykla-starannoscia-i-dbaloscia-o-szczegoly-kolekcja-sklada-sie-z-kilku-wzorow-chase","status":"publish","type":"product","link":"http:\/\/klubmamgdynia.pl\/index.php\/produkt\/z-niezwykla-starannoscia-i-dbaloscia-o-szczegoly-kolekcja-sklada-sie-z-kilku-wzorow-chase\/","title":{"rendered":"z niezwyk\u0142\u0105 staranno\u015bci\u0105 i dba\u0142o\u015bci\u0105 o szczeg\u00f3\u0142y. Kolekcja sk\u0142ada si\u0119 z kilku wzor\u00f3w: Chase"},"content":{"rendered":"<p>Rubble<\/p>\n<h2>z niezwyk\u0142\u0105 staranno\u015bci\u0105 i dba\u0142o\u015bci\u0105 o szczeg\u00f3\u0142y. Kolekcja sk\u0142ada si\u0119 z kilku wzor\u00f3w: Chase Zuma<\/h2>\n<p>alina, oliwier znaczenie imienia, kolorowanka ksi\u0119\u017cniczka, zagadki logiczne na inteligencj\u0119, pomys\u0142y na pakowanie prezent\u00f3w, my little pony kolorowanka, kolorowanka lego ninjago, jak dobra\u0107 narty dla dziecka<\/p>\n<p>yyyyy<\/p>\n<p>&nbsp;<\/p>\n","protected":false},"excerpt":{"rendered":"<p>Rubble z niezwyk\u0142\u0105 staranno\u015bci\u0105 i dba\u0142o\u015bci\u0105 o szczeg\u00f3\u0142y. Kolekcja sk\u0142ada si\u0119 z kilku wzor\u00f3w: Chase Zuma alina, oliwier znaczenie imienia, kolorowanka ksi\u0119\u017cniczka, zagadki logiczne na inteligencj\u0119, pomys\u0142y na pakowanie prezent\u00f3w, my little pony kolorowanka, kolorowanka lego ninjago, jak dobra\u0107 narty dla dziecka yyyyy &nbsp;<\/p>\n","protected":false},"featured_media":0,"comment_status":"closed","ping_status":"open","template":"","meta":[],"product_cat":[1978,1977],"product_tag":[806,684,739,840,736],"class_list":["post-11279","product","type-product","status-publish","hentry","product_cat-tracker","product_cat-zuma","product_tag-prezent-dla-dziecka-na-roczek","product_tag-prezent-dla-dziewczynki-na-roczek","product_tag-prima-aprilis-w-szkole","product_tag-stare-bajki","product_tag-zabawki-na-roczek"],"_links":{"self":[{"href":"http:\/\/klubmamgdynia.pl\/index.php\/wp-json\/wp\/v2\/product\/11279","targetHints":{"allow":["GET"]}}],"collection":[{"href":"http:\/\/klubmamgdynia.pl\/index.php\/wp-json\/wp\/v2\/product"}],"about":[{"href":"http:\/\/klubmamgdynia.pl\/index.php\/wp-json\/wp\/v2\/types\/product"}],"replies":[{"embeddable":true,"href":"http:\/\/klubmamgdynia.pl\/index.php\/wp-json\/wp\/v2\/comments?post=11279"}],"wp:attachment":[{"href":"http:\/\/klubmamgdynia.pl\/index.php\/wp-json\/wp\/v2\/media?parent=11279"}],"wp:term":[{"taxonomy":"product_cat","embeddable":true,"href":"http:\/\/klubmamgdynia.pl\/index.php\/wp-json\/wp\/v2\/product_cat?post=11279"},{"taxonomy":"product_tag","embeddable":true,"href":"http:\/\/klubmamgdynia.pl\/index.php\/wp-json\/wp\/v2\/product_tag?post=11279"}],"curies":[{"name":"wp","href":"https:\/\/api.w.org\/{rel}","templated":true}]}}