{"id":1128,"date":"2012-01-14T05:43:25","date_gmt":"2012-01-14T04:43:25","guid":{"rendered":"http:\/\/klubmamgdynia.pl\/index.php\/produkt\/imc-toys-interaktywny-zwierzak-loopers-hammies\/"},"modified":"2026-05-02T15:07:33","modified_gmt":"2026-05-02T13:07:33","slug":"imc-toys-interaktywny-zwierzak-loopers-hammies","status":"publish","type":"product","link":"http:\/\/klubmamgdynia.pl\/index.php\/produkt\/imc-toys-interaktywny-zwierzak-loopers-hammies\/","title":{"rendered":"Imc Toys Interaktywny Zwierzak Loopers Hammies"},"content":{"rendered":"<p>Dzieci zas\u0142uguj\u0105 na to co najlepsze, dlatego przedstawiamy Ci Interaktywny Zwierzak IMC Toys Loopers Hammies, idealny dla tych, kt\u00f3rzy szukaj\u0105 produkt\u00f3w wysokiej jako\u015bci dla dzieci! Zdob\u0105d\u017a IMC Toys w najlepszych cenach!Liczba baterii: 2Zalecany Wiek: + 3 latZasilana bateriami: TakTyp baterii: AAABaterie w zestawie: TakWymagany monta\u017c: NieWa\u017cne informacje: R\u00f3\u017cne wzory wysy\u0142ane losowo zgodnie ze stanem magazynuRodzaj: Interaktywny ZwierzakZawiera: ChomikAkcesoria x 5&#8230;<\/p>\n<h2>Imc Toys Interaktywny Zwierzak Loopers Hammies IMC Toys<\/h2>\n<p>kolorowanki do wydrukowania, zagadki dla 4 latka, nietypowe imiona damskie, kartki na dobranoc dla przyjaci\u00f3\u0142, ksi\u0105\u017cka dla dzieci online, obrazki do druku, flagi \u015bwiata quiz, quiz online, kolorowanki do druku super zings, imiona dla ch\u0142opc\u00f3w, szymon znaczenie imiona, sentencje o przyja\u017ani, karnawa\u0142 maska karnawa\u0142owa szablon, obrazki do druku, zabawki na roczek<\/p>\n<p>yyyyy<\/p>\n<p>&nbsp;<\/p>\n","protected":false},"excerpt":{"rendered":"<p>Dzieci zas\u0142uguj\u0105 na to co najlepsze, dlatego przedstawiamy Ci Interaktywny Zwierzak IMC Toys Loopers Hammies, idealny dla tych, kt\u00f3rzy szukaj\u0105 produkt\u00f3w wysokiej jako\u015bci dla dzieci! Zdob\u0105d\u017a IMC Toys w najlepszych cenach!Liczba baterii: 2Zalecany Wiek: + 3 latZasilana bateriami: TakTyp baterii: AAABaterie w zestawie: TakWymagany monta\u017c: NieWa\u017cne informacje: R\u00f3\u017cne wzory wysy\u0142ane losowo zgodnie ze stanem magazynuRodzaj: [&hellip;]<\/p>\n","protected":false},"featured_media":1129,"comment_status":"closed","ping_status":"open","template":"","meta":[],"product_cat":[316,39],"product_tag":[697,735,794,672],"class_list":["post-1128","product","type-product","status-publish","has-post-thumbnail","hentry","product_cat-imc-toys","product_cat-zabawki-interaktywne","product_tag-krotkie-bajki-do-czytania","product_tag-prezent-na-roczek-dziewczynka","product_tag-test-opowiesci-z-narnii-lew-czarownica-i-stara-szafa-do-druku","product_tag-trudne-zagadki-z-odpowiedziami"],"_links":{"self":[{"href":"http:\/\/klubmamgdynia.pl\/index.php\/wp-json\/wp\/v2\/product\/1128","targetHints":{"allow":["GET"]}}],"collection":[{"href":"http:\/\/klubmamgdynia.pl\/index.php\/wp-json\/wp\/v2\/product"}],"about":[{"href":"http:\/\/klubmamgdynia.pl\/index.php\/wp-json\/wp\/v2\/types\/product"}],"replies":[{"embeddable":true,"href":"http:\/\/klubmamgdynia.pl\/index.php\/wp-json\/wp\/v2\/comments?post=1128"}],"wp:featuredmedia":[{"embeddable":true,"href":"http:\/\/klubmamgdynia.pl\/index.php\/wp-json\/wp\/v2\/media\/1129"}],"wp:attachment":[{"href":"http:\/\/klubmamgdynia.pl\/index.php\/wp-json\/wp\/v2\/media?parent=1128"}],"wp:term":[{"taxonomy":"product_cat","embeddable":true,"href":"http:\/\/klubmamgdynia.pl\/index.php\/wp-json\/wp\/v2\/product_cat?post=1128"},{"taxonomy":"product_tag","embeddable":true,"href":"http:\/\/klubmamgdynia.pl\/index.php\/wp-json\/wp\/v2\/product_tag?post=1128"}],"curies":[{"name":"wp","href":"https:\/\/api.w.org\/{rel}","templated":true}]}}