{"id":11281,"date":"2020-04-29T17:17:17","date_gmt":"2020-04-29T15:17:17","guid":{"rendered":"http:\/\/klubmamgdynia.pl\/index.php\/produkt\/ktore-zostaly-przeksztalcone-w-superbohaterow-i-supervillainow-w-serii-1-jest-ponad-80-nowych-superzingowodkryj-ponad-80-postaci-dzieki-super-zings-te-przedmioty-kolekcjonerskie-przejely-kaboom-cit\/"},"modified":"2026-04-05T14:59:39","modified_gmt":"2026-04-05T12:59:39","slug":"ktore-zostaly-przeksztalcone-w-superbohaterow-i-supervillainow-w-serii-1-jest-ponad-80-nowych-superzingowodkryj-ponad-80-postaci-dzieki-super-zings-te-przedmioty-kolekcjonerskie-przejely-kaboom-cit","status":"publish","type":"product","link":"http:\/\/klubmamgdynia.pl\/index.php\/produkt\/ktore-zostaly-przeksztalcone-w-superbohaterow-i-supervillainow-w-serii-1-jest-ponad-80-nowych-superzingowodkryj-ponad-80-postaci-dzieki-super-zings-te-przedmioty-kolekcjonerskie-przejely-kaboom-cit\/","title":{"rendered":"kt\u00f3re zosta\u0142y przekszta\u0142cone w Superbohater\u00f3w i Supervillain\u00f3w. W serii 1 jest ponad 80 nowych SuperZing\u00f3w!Odkryj ponad 80 postaci dzi\u0119ki Super ZIngs! Te przedmioty kolekcjonerskie przej\u0119\u0142y Kaboom City! Ka\u017cdy superbohater ma rywala z\u0142ego i wszyscy \u017cyj\u0105 w tajnych kryj\u00f3wkach"},"content":{"rendered":"<p>1 Hideout i 1 list\u0119 bohater\u00f3w.ZESTAW ZAWIERA:1x KRYJ\u00d3WKA1x FIGURKAw sk\u0142ad zestawu wchodz\u0105 1 figurka SuperZings oraz kryj\u00f3wka (wysy\u0142ka losowa kolor\u00f3w<\/p>\n<h2>kt\u00f3re zosta\u0142y przekszta\u0142cone w Superbohater\u00f3w i Supervillain\u00f3w. W serii 1 jest ponad 80 nowych SuperZing\u00f3w!Odkryj ponad 80 postaci dzi\u0119ki Super ZIngs! Te przedmioty kolekcjonerskie przej\u0119\u0142y Kaboom City! Ka\u017cdy superbohater ma rywala z\u0142ego i wszyscy \u017cyj\u0105 w tajnych kryj\u00f3wkach nie ma mo\u017cliwo\u015bci wyboru)zabawka przeznaczona dla dzieci od 3. roku \u017cyciawysoko\u015b\u0107 pojedynczej figurki: ok. 2<\/h2>\n<p>zagadka, krzy\u017c\u00f3wki dla dzieci, marianna, swinka peppa do czytania, wzory dyplom\u00f3w dyplomy do druku, wiersze \u0142ama\u0144ce j\u0119zykowe dla dzieci, opowie\u015bci z narni lew czarownica i stara szafa test<\/p>\n<p>yyyyy<\/p>\n<p>&nbsp;<\/p>\n","protected":false},"excerpt":{"rendered":"<p>1 Hideout i 1 list\u0119 bohater\u00f3w.ZESTAW ZAWIERA:1x KRYJ\u00d3WKA1x FIGURKAw sk\u0142ad zestawu wchodz\u0105 1 figurka SuperZings oraz kryj\u00f3wka (wysy\u0142ka losowa kolor\u00f3w kt\u00f3re zosta\u0142y przekszta\u0142cone w Superbohater\u00f3w i Supervillain\u00f3w. W serii 1 jest ponad 80 nowych SuperZing\u00f3w!Odkryj ponad 80 postaci dzi\u0119ki Super ZIngs! Te przedmioty kolekcjonerskie przej\u0119\u0142y Kaboom City! Ka\u017cdy superbohater ma rywala z\u0142ego i wszyscy \u017cyj\u0105 [&hellip;]<\/p>\n","protected":false},"featured_media":0,"comment_status":"closed","ping_status":"open","template":"","meta":[],"product_cat":[1979],"product_tag":[728,781,822,820],"class_list":["post-11281","product","type-product","status-publish","hentry","product_cat-nie-ma-mozliwosci-wyboruzabawka-przeznaczona-dla-dzieci-od-3-roku-zyciawysokosc-pojedynczej-figurki-ok-2","product_tag-bezwarunkowa-milosc-do-dziecka-cytaty","product_tag-cytaty-o-wychowaniu-dzieci","product_tag-wierszyki-o-wakacjach-krotkie","product_tag-ziemia-wyspa-zielona-tekst"],"_links":{"self":[{"href":"http:\/\/klubmamgdynia.pl\/index.php\/wp-json\/wp\/v2\/product\/11281","targetHints":{"allow":["GET"]}}],"collection":[{"href":"http:\/\/klubmamgdynia.pl\/index.php\/wp-json\/wp\/v2\/product"}],"about":[{"href":"http:\/\/klubmamgdynia.pl\/index.php\/wp-json\/wp\/v2\/types\/product"}],"replies":[{"embeddable":true,"href":"http:\/\/klubmamgdynia.pl\/index.php\/wp-json\/wp\/v2\/comments?post=11281"}],"wp:attachment":[{"href":"http:\/\/klubmamgdynia.pl\/index.php\/wp-json\/wp\/v2\/media?parent=11281"}],"wp:term":[{"taxonomy":"product_cat","embeddable":true,"href":"http:\/\/klubmamgdynia.pl\/index.php\/wp-json\/wp\/v2\/product_cat?post=11281"},{"taxonomy":"product_tag","embeddable":true,"href":"http:\/\/klubmamgdynia.pl\/index.php\/wp-json\/wp\/v2\/product_tag?post=11281"}],"curies":[{"name":"wp","href":"https:\/\/api.w.org\/{rel}","templated":true}]}}