{"id":11282,"date":"2024-11-04T00:04:55","date_gmt":"2024-11-03T23:04:55","guid":{"rendered":"http:\/\/klubmamgdynia.pl\/?post_type=product&#038;p=11282"},"modified":"2026-04-05T21:51:10","modified_gmt":"2026-04-05T19:51:10","slug":"11282","status":"publish","type":"product","link":"http:\/\/klubmamgdynia.pl\/index.php\/produkt\/11282\/","title":{"rendered":""},"content":{"rendered":"<h2> <\/h2>\n<p>kajko i kokosz szko\u0142a latania test z odpowiedziami, prezent dla 14 latki, test miko\u0142ajek 25 pyta\u0144, gdzie nad wod\u0119 ko\u0142o warszawy, atrakcje dla dzieci wroclaw, jasmin imi\u0119, jak narysowa\u0107 oko, podchwytliwe zagadki z odpowiedziami, zagadki zagadki, pomysly na prima aprilis, tezeusz, prezenty dla 16 latki, gry planszowe dla nastolatk\u00f3w, \u017cyczenia na lany poniedzia\u0142ek wielkanocny, test z lektury felix net i nika oraz gang niewidzialnych ludzi<\/p>\n<p>yyyyy<\/p>\n<p>&nbsp;<\/p>\n","protected":false},"excerpt":{"rendered":"<p>kajko i kokosz szko\u0142a latania test z odpowiedziami, prezent dla 14 latki, test miko\u0142ajek 25 pyta\u0144, gdzie nad wod\u0119 ko\u0142o warszawy, atrakcje dla dzieci wroclaw, jasmin imi\u0119, jak narysowa\u0107 oko, podchwytliwe zagadki z odpowiedziami, zagadki zagadki, pomysly na prima aprilis, tezeusz, prezenty dla 16 latki, gry planszowe dla nastolatk\u00f3w, \u017cyczenia na lany poniedzia\u0142ek wielkanocny, test [&hellip;]<\/p>\n","protected":false},"featured_media":0,"comment_status":"closed","ping_status":"open","template":"","meta":[],"product_cat":[],"product_tag":[648,657,759],"class_list":["post-11282","product","type-product","status-publish","hentry","product_tag-dobrej-nocy-i-sza","product_tag-lol-kolorowanka","product_tag-pomysly-na-prezent-dla-nastolatkow"],"_links":{"self":[{"href":"http:\/\/klubmamgdynia.pl\/index.php\/wp-json\/wp\/v2\/product\/11282","targetHints":{"allow":["GET"]}}],"collection":[{"href":"http:\/\/klubmamgdynia.pl\/index.php\/wp-json\/wp\/v2\/product"}],"about":[{"href":"http:\/\/klubmamgdynia.pl\/index.php\/wp-json\/wp\/v2\/types\/product"}],"replies":[{"embeddable":true,"href":"http:\/\/klubmamgdynia.pl\/index.php\/wp-json\/wp\/v2\/comments?post=11282"}],"wp:attachment":[{"href":"http:\/\/klubmamgdynia.pl\/index.php\/wp-json\/wp\/v2\/media?parent=11282"}],"wp:term":[{"taxonomy":"product_cat","embeddable":true,"href":"http:\/\/klubmamgdynia.pl\/index.php\/wp-json\/wp\/v2\/product_cat?post=11282"},{"taxonomy":"product_tag","embeddable":true,"href":"http:\/\/klubmamgdynia.pl\/index.php\/wp-json\/wp\/v2\/product_tag?post=11282"}],"curies":[{"name":"wp","href":"https:\/\/api.w.org\/{rel}","templated":true}]}}