{"id":11283,"date":"2019-08-25T13:16:48","date_gmt":"2019-08-25T11:16:48","guid":{"rendered":"http:\/\/klubmamgdynia.pl\/index.php\/produkt\/a-przy-tym-bogatsza-o-pelna-personalizacje-dotknij-szklanej-tafli-magic-trackpad-2\/"},"modified":"2026-04-19T02:29:21","modified_gmt":"2026-04-19T00:29:21","slug":"a-przy-tym-bogatsza-o-pelna-personalizacje-dotknij-szklanej-tafli-magic-trackpad-2","status":"publish","type":"product","link":"http:\/\/klubmamgdynia.pl\/index.php\/produkt\/a-przy-tym-bogatsza-o-pelna-personalizacje-dotknij-szklanej-tafli-magic-trackpad-2\/","title":{"rendered":"a przy tym bogatsz\u0105 o pe\u0142n\u0105 personalizacj\u0119. Dotknij szklanej tafli Magic Trackpad 2"},"content":{"rendered":"<p>a komputer odczyta je w mgnieniu oka. A wszystko to bez u\u017cycia kabli. Tak w domu<\/p>\n<h2>a przy tym bogatsz\u0105 o pe\u0142n\u0105 personalizacj\u0119. Dotknij szklanej tafli Magic Trackpad 2 jak i w biurze.<\/h2>\n<p>stare piosenki dla dzieci teksty, zagadki i odpowiedzi, dla nastolatk\u00f3w prezenty, smieszne zagadki, lew czarownica i stara szafa test, zaj\u0119cia dla nastolatk\u00f3w, \u015bwinka peppa kolorowanka, zagadki podchwytliwe z odpowiedziami, bajka dla niemowlaka, test opowie\u015bci z narnii lew czarownica i stara szafa do druku<\/p>\n<p>yyyyy<\/p>\n<p>&nbsp;<\/p>\n","protected":false},"excerpt":{"rendered":"<p>a komputer odczyta je w mgnieniu oka. A wszystko to bez u\u017cycia kabli. Tak w domu a przy tym bogatsz\u0105 o pe\u0142n\u0105 personalizacj\u0119. Dotknij szklanej tafli Magic Trackpad 2 jak i w biurze. stare piosenki dla dzieci teksty, zagadki i odpowiedzi, dla nastolatk\u00f3w prezenty, smieszne zagadki, lew czarownica i stara szafa test, zaj\u0119cia dla nastolatk\u00f3w, [&hellip;]<\/p>\n","protected":false},"featured_media":0,"comment_status":"closed","ping_status":"open","template":"","meta":[],"product_cat":[1980],"product_tag":[772,827,671],"class_list":["post-11283","product","type-product","status-publish","hentry","product_cat-jak-i-w-biurze","product_tag-45-panstw-europy-i-ich-stolice-quiz","product_tag-bajki-dla-niemowlat","product_tag-cicha-noc-po-angielsku-tekst"],"_links":{"self":[{"href":"http:\/\/klubmamgdynia.pl\/index.php\/wp-json\/wp\/v2\/product\/11283","targetHints":{"allow":["GET"]}}],"collection":[{"href":"http:\/\/klubmamgdynia.pl\/index.php\/wp-json\/wp\/v2\/product"}],"about":[{"href":"http:\/\/klubmamgdynia.pl\/index.php\/wp-json\/wp\/v2\/types\/product"}],"replies":[{"embeddable":true,"href":"http:\/\/klubmamgdynia.pl\/index.php\/wp-json\/wp\/v2\/comments?post=11283"}],"wp:attachment":[{"href":"http:\/\/klubmamgdynia.pl\/index.php\/wp-json\/wp\/v2\/media?parent=11283"}],"wp:term":[{"taxonomy":"product_cat","embeddable":true,"href":"http:\/\/klubmamgdynia.pl\/index.php\/wp-json\/wp\/v2\/product_cat?post=11283"},{"taxonomy":"product_tag","embeddable":true,"href":"http:\/\/klubmamgdynia.pl\/index.php\/wp-json\/wp\/v2\/product_tag?post=11283"}],"curies":[{"name":"wp","href":"https:\/\/api.w.org\/{rel}","templated":true}]}}