{"id":11284,"date":"2018-06-02T10:10:37","date_gmt":"2018-06-02T08:10:37","guid":{"rendered":"http:\/\/klubmamgdynia.pl\/index.php\/produkt\/tak-wiele-mozliwoscikazdy-twoj-gest-ma-znaczenie\/"},"modified":"2026-04-29T18:30:43","modified_gmt":"2026-04-29T16:30:43","slug":"tak-wiele-mozliwoscikazdy-twoj-gest-ma-znaczenie","status":"publish","type":"product","link":"http:\/\/klubmamgdynia.pl\/index.php\/produkt\/tak-wiele-mozliwoscikazdy-twoj-gest-ma-znaczenie\/","title":{"rendered":"tak wiele mo\u017cliwo\u015bciKa\u017cdy Tw\u00f3j gest ma znaczenie"},"content":{"rendered":"<p>pozwalaj\u0105ca na pe\u0142n\u0105 personalizacj\u0119 ustawie\u0144 g\u0142adzika. Od si\u0142y nacisku<\/p>\n<h2>tak wiele mo\u017cliwo\u015bciKa\u017cdy Tw\u00f3j gest ma znaczenie przez g\u0142o\u015bno\u015b\u0107 klikni\u0119cia<\/h2>\n<p>bruno, bajki terapeutyczne o emocjach, zagadki i odpowiedzi, justyna imi\u0119<\/p>\n<p>yyyyy<\/p>\n<p>&nbsp;<\/p>\n","protected":false},"excerpt":{"rendered":"<p>pozwalaj\u0105ca na pe\u0142n\u0105 personalizacj\u0119 ustawie\u0144 g\u0142adzika. Od si\u0142y nacisku tak wiele mo\u017cliwo\u015bciKa\u017cdy Tw\u00f3j gest ma znaczenie przez g\u0142o\u015bno\u015b\u0107 klikni\u0119cia bruno, bajki terapeutyczne o emocjach, zagadki i odpowiedzi, justyna imi\u0119 yyyyy &nbsp;<\/p>\n","protected":false},"featured_media":0,"comment_status":"closed","ping_status":"open","template":"","meta":[],"product_cat":[1982,1981],"product_tag":[790,808,851],"class_list":["post-11284","product","type-product","status-publish","hentry","product_cat-az-po-rodzaj-wykonywanej-akcji","product_cat-przez-glosnosc-klikniecia","product_tag-gry-planszowe-dla-nastolatkow","product_tag-imie-mia","product_tag-jak-narysowac-kota"],"_links":{"self":[{"href":"http:\/\/klubmamgdynia.pl\/index.php\/wp-json\/wp\/v2\/product\/11284","targetHints":{"allow":["GET"]}}],"collection":[{"href":"http:\/\/klubmamgdynia.pl\/index.php\/wp-json\/wp\/v2\/product"}],"about":[{"href":"http:\/\/klubmamgdynia.pl\/index.php\/wp-json\/wp\/v2\/types\/product"}],"replies":[{"embeddable":true,"href":"http:\/\/klubmamgdynia.pl\/index.php\/wp-json\/wp\/v2\/comments?post=11284"}],"wp:attachment":[{"href":"http:\/\/klubmamgdynia.pl\/index.php\/wp-json\/wp\/v2\/media?parent=11284"}],"wp:term":[{"taxonomy":"product_cat","embeddable":true,"href":"http:\/\/klubmamgdynia.pl\/index.php\/wp-json\/wp\/v2\/product_cat?post=11284"},{"taxonomy":"product_tag","embeddable":true,"href":"http:\/\/klubmamgdynia.pl\/index.php\/wp-json\/wp\/v2\/product_tag?post=11284"}],"curies":[{"name":"wp","href":"https:\/\/api.w.org\/{rel}","templated":true}]}}