{"id":11285,"date":"2012-04-04T23:06:12","date_gmt":"2012-04-04T21:06:12","guid":{"rendered":"http:\/\/klubmamgdynia.pl\/index.php\/produkt\/tworzac-jednolity-obszar-roboczy-palce-spoczywaja-na-gladziku-swobodnie-i-nawet-nieprzerwana-praca-nie-zmeczy-twej-dloni-jednoczesnie-wielkosc-obszaru-roboczego-pozwoli-ci-na-swobodna-obsluge-nawet\/"},"modified":"2026-04-17T11:51:41","modified_gmt":"2026-04-17T09:51:41","slug":"tworzac-jednolity-obszar-roboczy-palce-spoczywaja-na-gladziku-swobodnie-i-nawet-nieprzerwana-praca-nie-zmeczy-twej-dloni-jednoczesnie-wielkosc-obszaru-roboczego-pozwoli-ci-na-swobodna-obsluge-nawet","status":"publish","type":"product","link":"http:\/\/klubmamgdynia.pl\/index.php\/produkt\/tworzac-jednolity-obszar-roboczy-palce-spoczywaja-na-gladziku-swobodnie-i-nawet-nieprzerwana-praca-nie-zmeczy-twej-dloni-jednoczesnie-wielkosc-obszaru-roboczego-pozwoli-ci-na-swobodna-obsluge-nawet\/","title":{"rendered":"tworz\u0105c jednolity obszar roboczy. Palce spoczywaj\u0105 na g\u0142adziku swobodnie i nawet nieprzerwana praca nie zm\u0119czy Twej d\u0142oni. Jednocze\u015bnie wielko\u015b\u0107 obszaru roboczego pozwoli Ci na swobodn\u0105 obs\u0142ug\u0119 nawet skomplikowanych operacji graficznych."},"content":{"rendered":"<h2>tworz\u0105c jednolity obszar roboczy. Palce spoczywaj\u0105 na g\u0142adziku swobodnie i nawet nieprzerwana praca nie zm\u0119czy Twej d\u0142oni. Jednocze\u015bnie wielko\u015b\u0107 obszaru roboczego pozwoli Ci na swobodn\u0105 obs\u0142ug\u0119 nawet skomplikowanych operacji graficznych. <\/h2>\n<p>wulkan eksperyment, dorian, pieski, test z ani z zielonego wzg\u00f3rza, opowie\u015b\u0107 wigilijna test z odpowiedziami, kolorowanki minecraft, litera r do druku<\/p>\n<p>yyyyy<\/p>\n<p>&nbsp;<\/p>\n","protected":false},"excerpt":{"rendered":"<p>tworz\u0105c jednolity obszar roboczy. Palce spoczywaj\u0105 na g\u0142adziku swobodnie i nawet nieprzerwana praca nie zm\u0119czy Twej d\u0142oni. Jednocze\u015bnie wielko\u015b\u0107 obszaru roboczego pozwoli Ci na swobodn\u0105 obs\u0142ug\u0119 nawet skomplikowanych operacji graficznych. wulkan eksperyment, dorian, pieski, test z ani z zielonego wzg\u00f3rza, opowie\u015b\u0107 wigilijna test z odpowiedziami, kolorowanki minecraft, litera r do druku yyyyy &nbsp;<\/p>\n","protected":false},"featured_media":0,"comment_status":"closed","ping_status":"open","template":"","meta":[],"product_cat":[],"product_tag":[865,855,748,695,661],"class_list":["post-11285","product","type-product","status-publish","hentry","product_tag-cytaty-o-dzieciach","product_tag-nietypowe-imiona-zenskie","product_tag-okolice-wroclawia-atrakcje","product_tag-rzadkie-imiona-zenskie","product_tag-swinka-peppa-kolorowanka"],"_links":{"self":[{"href":"http:\/\/klubmamgdynia.pl\/index.php\/wp-json\/wp\/v2\/product\/11285","targetHints":{"allow":["GET"]}}],"collection":[{"href":"http:\/\/klubmamgdynia.pl\/index.php\/wp-json\/wp\/v2\/product"}],"about":[{"href":"http:\/\/klubmamgdynia.pl\/index.php\/wp-json\/wp\/v2\/types\/product"}],"replies":[{"embeddable":true,"href":"http:\/\/klubmamgdynia.pl\/index.php\/wp-json\/wp\/v2\/comments?post=11285"}],"wp:attachment":[{"href":"http:\/\/klubmamgdynia.pl\/index.php\/wp-json\/wp\/v2\/media?parent=11285"}],"wp:term":[{"taxonomy":"product_cat","embeddable":true,"href":"http:\/\/klubmamgdynia.pl\/index.php\/wp-json\/wp\/v2\/product_cat?post=11285"},{"taxonomy":"product_tag","embeddable":true,"href":"http:\/\/klubmamgdynia.pl\/index.php\/wp-json\/wp\/v2\/product_tag?post=11285"}],"curies":[{"name":"wp","href":"https:\/\/api.w.org\/{rel}","templated":true}]}}