{"id":11287,"date":"2012-08-30T08:24:12","date_gmt":"2012-08-30T06:24:12","guid":{"rendered":"http:\/\/klubmamgdynia.pl\/index.php\/produkt\/ergonomiczna-konstrukcja-oraz-komponenty-najwyzszej-jakosci-sensory-pixart-i-avago-gwarantuja-szybkosc-i-precyzje\/"},"modified":"2026-04-15T04:55:37","modified_gmt":"2026-04-15T02:55:37","slug":"ergonomiczna-konstrukcja-oraz-komponenty-najwyzszej-jakosci-sensory-pixart-i-avago-gwarantuja-szybkosc-i-precyzje","status":"publish","type":"product","link":"http:\/\/klubmamgdynia.pl\/index.php\/produkt\/ergonomiczna-konstrukcja-oraz-komponenty-najwyzszej-jakosci-sensory-pixart-i-avago-gwarantuja-szybkosc-i-precyzje\/","title":{"rendered":"ergonomiczna konstrukcja oraz komponenty najwy\u017cszej jako\u015bci. Sensory Pixart i Avago gwarantuj\u0105 szybko\u015b\u0107 i precyzj\u0119"},"content":{"rendered":"<h2>ergonomiczna konstrukcja oraz komponenty najwy\u017cszej jako\u015bci. Sensory Pixart i Avago gwarantuj\u0105 szybko\u015b\u0107 i precyzj\u0119 <\/h2>\n<p>zabawki na roczek, nietypowe imiona \u017ce\u0144skie, karty matematyczne tabliczka mno\u017cenia do wydruku, samolot kolorowanka, uk\u0142ad s\u0142oneczny kolorowanka, cytaty ma\u0142y ksi\u0105\u017ce, warszawa dla dzieci, regina, nowe quizy do rozwi\u0105zania, pierwszy obudzi\u0142 si\u0119 pierwiosnek tekst, zagadka dla dzieci, dorian, zgadywanki dla dzieci, \u0142atwe laurki<\/p>\n<p>yyyyy<\/p>\n<p>&nbsp;<\/p>\n","protected":false},"excerpt":{"rendered":"<p>ergonomiczna konstrukcja oraz komponenty najwy\u017cszej jako\u015bci. Sensory Pixart i Avago gwarantuj\u0105 szybko\u015b\u0107 i precyzj\u0119 zabawki na roczek, nietypowe imiona \u017ce\u0144skie, karty matematyczne tabliczka mno\u017cenia do wydruku, samolot kolorowanka, uk\u0142ad s\u0142oneczny kolorowanka, cytaty ma\u0142y ksi\u0105\u017ce, warszawa dla dzieci, regina, nowe quizy do rozwi\u0105zania, pierwszy obudzi\u0142 si\u0119 pierwiosnek tekst, zagadka dla dzieci, dorian, zgadywanki dla dzieci, \u0142atwe [&hellip;]<\/p>\n","protected":false},"featured_media":0,"comment_status":"closed","ping_status":"open","template":"","meta":[],"product_cat":[],"product_tag":[684,771,800],"class_list":["post-11287","product","type-product","status-publish","hentry","product_tag-prezent-dla-dziewczynki-na-roczek","product_tag-stolice-europy-quiz","product_tag-zagadki-smieszne"],"_links":{"self":[{"href":"http:\/\/klubmamgdynia.pl\/index.php\/wp-json\/wp\/v2\/product\/11287","targetHints":{"allow":["GET"]}}],"collection":[{"href":"http:\/\/klubmamgdynia.pl\/index.php\/wp-json\/wp\/v2\/product"}],"about":[{"href":"http:\/\/klubmamgdynia.pl\/index.php\/wp-json\/wp\/v2\/types\/product"}],"replies":[{"embeddable":true,"href":"http:\/\/klubmamgdynia.pl\/index.php\/wp-json\/wp\/v2\/comments?post=11287"}],"wp:attachment":[{"href":"http:\/\/klubmamgdynia.pl\/index.php\/wp-json\/wp\/v2\/media?parent=11287"}],"wp:term":[{"taxonomy":"product_cat","embeddable":true,"href":"http:\/\/klubmamgdynia.pl\/index.php\/wp-json\/wp\/v2\/product_cat?post=11287"},{"taxonomy":"product_tag","embeddable":true,"href":"http:\/\/klubmamgdynia.pl\/index.php\/wp-json\/wp\/v2\/product_tag?post=11287"}],"curies":[{"name":"wp","href":"https:\/\/api.w.org\/{rel}","templated":true}]}}