{"id":11288,"date":"2012-08-03T23:22:58","date_gmt":"2012-08-03T21:22:58","guid":{"rendered":"http:\/\/klubmamgdynia.pl\/index.php\/produkt\/11288\/"},"modified":"2026-04-17T05:10:54","modified_gmt":"2026-04-17T03:10:54","slug":"11288","status":"publish","type":"product","link":"http:\/\/klubmamgdynia.pl\/index.php\/produkt\/11288\/","title":{"rendered":""},"content":{"rendered":"<h2> <\/h2>\n<p>\u017carty na prima aprilis dla dzieci, wieliczka bon turystyczny, kr\u00f3tkie \u017cyczenia wielkanocne dla dzieci, kolorowanka kotek, wyci\u0119cia szablon korony do druku, pani wiosna do druku, ciekawe zagadki i odpowiedzi, dziwne zagadki, trudne zagadki logiczne z odpowiedziami, pomysly na prima aprilis<\/p>\n<p>yyyyy<\/p>\n<p>&nbsp;<\/p>\n","protected":false},"excerpt":{"rendered":"<p>\u017carty na prima aprilis dla dzieci, wieliczka bon turystyczny, kr\u00f3tkie \u017cyczenia wielkanocne dla dzieci, kolorowanka kotek, wyci\u0119cia szablon korony do druku, pani wiosna do druku, ciekawe zagadki i odpowiedzi, dziwne zagadki, trudne zagadki logiczne z odpowiedziami, pomysly na prima aprilis yyyyy &nbsp;<\/p>\n","protected":false},"featured_media":0,"comment_status":"closed","ping_status":"open","template":"","meta":[],"product_cat":[],"product_tag":[686,847,583,620,846],"class_list":["post-11288","product","type-product","status-publish","hentry","product_tag-co-na-roczek-dla-chlopca","product_tag-kolorowanki-pokemon","product_tag-kolysanki-dla-dzieci-tekst","product_tag-quiz-opowiesci-z-narnii","product_tag-rysowanki"],"_links":{"self":[{"href":"http:\/\/klubmamgdynia.pl\/index.php\/wp-json\/wp\/v2\/product\/11288","targetHints":{"allow":["GET"]}}],"collection":[{"href":"http:\/\/klubmamgdynia.pl\/index.php\/wp-json\/wp\/v2\/product"}],"about":[{"href":"http:\/\/klubmamgdynia.pl\/index.php\/wp-json\/wp\/v2\/types\/product"}],"replies":[{"embeddable":true,"href":"http:\/\/klubmamgdynia.pl\/index.php\/wp-json\/wp\/v2\/comments?post=11288"}],"wp:attachment":[{"href":"http:\/\/klubmamgdynia.pl\/index.php\/wp-json\/wp\/v2\/media?parent=11288"}],"wp:term":[{"taxonomy":"product_cat","embeddable":true,"href":"http:\/\/klubmamgdynia.pl\/index.php\/wp-json\/wp\/v2\/product_cat?post=11288"},{"taxonomy":"product_tag","embeddable":true,"href":"http:\/\/klubmamgdynia.pl\/index.php\/wp-json\/wp\/v2\/product_tag?post=11288"}],"curies":[{"name":"wp","href":"https:\/\/api.w.org\/{rel}","templated":true}]}}