{"id":11289,"date":"2020-03-13T13:28:18","date_gmt":"2020-03-13T12:28:18","guid":{"rendered":"http:\/\/klubmamgdynia.pl\/index.php\/produkt\/narzedziem-roboczym\/"},"modified":"2026-04-22T21:09:15","modified_gmt":"2026-04-22T19:09:15","slug":"narzedziem-roboczym","status":"publish","type":"product","link":"http:\/\/klubmamgdynia.pl\/index.php\/produkt\/narzedziem-roboczym\/","title":{"rendered":"narz\u0119dziem roboczym"},"content":{"rendered":"<p>wytrzyma\u0142y pojazd Marshall jest gotowy do akcji! Wyjmij tajemnicz\u0105 figurk\u0119 z opakowania<\/p>\n<h2>narz\u0119dziem roboczym aby odkry\u0107 kolorowego dinozaura<\/h2>\n<p>prezent dla dwunastolatka, psi patrol kolorowanka do druku, psikusy na prima aprilis, kubu\u015b puchatek cytaty, ozdoby na choink\u0119 dla dzieci z papieru, borys imi\u0119, imi\u0119 adriana, zaproszenia urodzinowe do wydruku chomikuj, co na prezent dla 7 latki, spiderman do druku, zabawy miko\u0142ajkowe dla dzieci, uk\u0142ad s\u0142oneczny dla dzieci do druku, trudne zagadki i odpowiedzi<\/p>\n<p>yyyyy<\/p>\n<p>&nbsp;<\/p>\n","protected":false},"excerpt":{"rendered":"<p>wytrzyma\u0142y pojazd Marshall jest gotowy do akcji! Wyjmij tajemnicz\u0105 figurk\u0119 z opakowania narz\u0119dziem roboczym aby odkry\u0107 kolorowego dinozaura prezent dla dwunastolatka, psi patrol kolorowanka do druku, psikusy na prima aprilis, kubu\u015b puchatek cytaty, ozdoby na choink\u0119 dla dzieci z papieru, borys imi\u0119, imi\u0119 adriana, zaproszenia urodzinowe do wydruku chomikuj, co na prezent dla 7 latki, [&hellip;]<\/p>\n","protected":false},"featured_media":0,"comment_status":"closed","ping_status":"open","template":"","meta":[],"product_cat":[1983,1984],"product_tag":[867,870,629,608,805],"class_list":["post-11289","product","type-product","status-publish","hentry","product_cat-aby-odkryc-kolorowego-dinozaura","product_cat-ktorego-mozesz-uzyc-we-wszystkich-swoich-przygodach-ratunkowychkiedy-przyjaciel-dinozaura-ma-klopoty","product_tag-kolorowanki-dla-dziewczynek","product_tag-prezent-dla-chlopca-na-roczek","product_tag-smieszne-zagadki-z-odpowiedziami","product_tag-zagadki-i-odpowiedzi","product_tag-znaczenie-imienia-alan"],"_links":{"self":[{"href":"http:\/\/klubmamgdynia.pl\/index.php\/wp-json\/wp\/v2\/product\/11289","targetHints":{"allow":["GET"]}}],"collection":[{"href":"http:\/\/klubmamgdynia.pl\/index.php\/wp-json\/wp\/v2\/product"}],"about":[{"href":"http:\/\/klubmamgdynia.pl\/index.php\/wp-json\/wp\/v2\/types\/product"}],"replies":[{"embeddable":true,"href":"http:\/\/klubmamgdynia.pl\/index.php\/wp-json\/wp\/v2\/comments?post=11289"}],"wp:attachment":[{"href":"http:\/\/klubmamgdynia.pl\/index.php\/wp-json\/wp\/v2\/media?parent=11289"}],"wp:term":[{"taxonomy":"product_cat","embeddable":true,"href":"http:\/\/klubmamgdynia.pl\/index.php\/wp-json\/wp\/v2\/product_cat?post=11289"},{"taxonomy":"product_tag","embeddable":true,"href":"http:\/\/klubmamgdynia.pl\/index.php\/wp-json\/wp\/v2\/product_tag?post=11289"}],"curies":[{"name":"wp","href":"https:\/\/api.w.org\/{rel}","templated":true}]}}