{"id":11291,"date":"2015-12-24T00:11:01","date_gmt":"2015-12-23T23:11:01","guid":{"rendered":"http:\/\/klubmamgdynia.pl\/index.php\/produkt\/prostokatne\/"},"modified":"2026-05-17T23:15:51","modified_gmt":"2026-05-17T21:15:51","slug":"prostokatne","status":"publish","type":"product","link":"http:\/\/klubmamgdynia.pl\/index.php\/produkt\/prostokatne\/","title":{"rendered":"prostok\u0105tne"},"content":{"rendered":"<p>elegancki styl.Materia\u0142em jest lekkie i wytrzyma\u0142e tworzywo sztuczne.Szary kolor soczewek zmniejsza odblaski i poprawia postrzeganie kolor\u00f3w.Zwyk\u0142e soczewki okularowe.Chcesz sprawdzi\u0107<\/p>\n<h2>prostok\u0105tne czy te okulary s\u0105 dla Ciebie idealne? Przyjrzyj si\u0119 bli\u017cej dzi\u0119ki naszemu wirtualnemu narz\u0119dziu do przymierzania!<\/h2>\n<p>zagadki dla doros\u0142ych z odpowiedziami, bajki do czytania, 45 pa\u0144stw europy i ich stolice quiz, kr\u00f3tkie bajki do czytania na dobranoc, psi patrol do czytania, test z opowie\u015bci z narnii lew czarownica i stara szafa, estera, psi patrol zadania do druku, zagadki logiczne i odpowiedzi, bajki dla niemowl\u0105t do czytania, imi\u0119 kuba, zagadki dla dzieci z odpowiedziami, minionki kolorowanka, quiz stolice europy<\/p>\n<p>yyyyy<\/p>\n<p>&nbsp;<\/p>\n","protected":false},"excerpt":{"rendered":"<p>elegancki styl.Materia\u0142em jest lekkie i wytrzyma\u0142e tworzywo sztuczne.Szary kolor soczewek zmniejsza odblaski i poprawia postrzeganie kolor\u00f3w.Zwyk\u0142e soczewki okularowe.Chcesz sprawdzi\u0107 prostok\u0105tne czy te okulary s\u0105 dla Ciebie idealne? Przyjrzyj si\u0119 bli\u017cej dzi\u0119ki naszemu wirtualnemu narz\u0119dziu do przymierzania! zagadki dla doros\u0142ych z odpowiedziami, bajki do czytania, 45 pa\u0144stw europy i ich stolice quiz, kr\u00f3tkie bajki do czytania [&hellip;]<\/p>\n","protected":false},"featured_media":0,"comment_status":"closed","ping_status":"open","template":"","meta":[],"product_cat":[1985],"product_tag":[766,583,590,636,869,767],"class_list":["post-11291","product","type-product","status-publish","hentry","product_cat-czy-te-okulary-sa-dla-ciebie-idealne-przyjrzyj-sie-blizej-dzieki-naszemu-wirtualnemu-narzedziu-do-przymierzania","product_tag-kira","product_tag-kolysanki-dla-dzieci-tekst","product_tag-plac-zabaw-warszawa","product_tag-teksty-kolysanek","product_tag-zagadki-na-logike","product_tag-zaproszenia-urodzinowe-do-druku"],"_links":{"self":[{"href":"http:\/\/klubmamgdynia.pl\/index.php\/wp-json\/wp\/v2\/product\/11291","targetHints":{"allow":["GET"]}}],"collection":[{"href":"http:\/\/klubmamgdynia.pl\/index.php\/wp-json\/wp\/v2\/product"}],"about":[{"href":"http:\/\/klubmamgdynia.pl\/index.php\/wp-json\/wp\/v2\/types\/product"}],"replies":[{"embeddable":true,"href":"http:\/\/klubmamgdynia.pl\/index.php\/wp-json\/wp\/v2\/comments?post=11291"}],"wp:attachment":[{"href":"http:\/\/klubmamgdynia.pl\/index.php\/wp-json\/wp\/v2\/media?parent=11291"}],"wp:term":[{"taxonomy":"product_cat","embeddable":true,"href":"http:\/\/klubmamgdynia.pl\/index.php\/wp-json\/wp\/v2\/product_cat?post=11291"},{"taxonomy":"product_tag","embeddable":true,"href":"http:\/\/klubmamgdynia.pl\/index.php\/wp-json\/wp\/v2\/product_tag?post=11291"}],"curies":[{"name":"wp","href":"https:\/\/api.w.org\/{rel}","templated":true}]}}