{"id":11292,"date":"2019-03-24T20:18:30","date_gmt":"2019-03-24T19:18:30","guid":{"rendered":"http:\/\/klubmamgdynia.pl\/index.php\/produkt\/11292\/"},"modified":"2026-04-20T10:49:55","modified_gmt":"2026-04-20T08:49:55","slug":"11292","status":"publish","type":"product","link":"http:\/\/klubmamgdynia.pl\/index.php\/produkt\/11292\/","title":{"rendered":""},"content":{"rendered":"<h2> <\/h2>\n<p>kajko i kokosz szko\u0142a latania test z odpowiedziami, zagadki z odpowiedziami \u015bmieszne, \u0142atwe laurki, kanapeczki na urodziny dziecka, cytaty o dzieciach, gdzie strumyk p\u0142ynie z wolna, opis rodzina, bajki na dobranoc do czytania, zagadki podchwytliwe, liwia imi\u0119, paula znaczenie imienia, podchwytliwe zagadki z odpowiedziami, historia pluszowego misia dla dzieci, quizy dla dzieci 10 lat, prezent dla jedenastolatki, kolorowanki do druku lol, gra kulki, zabawy dla 5-6 latk\u00f3w, wiersz na wielkanocnym stole, \u015bmieszne zagadki, w\u0142ochy<\/p>\n<p>yyyyy<\/p>\n<p>&nbsp;<\/p>\n","protected":false},"excerpt":{"rendered":"<p>kajko i kokosz szko\u0142a latania test z odpowiedziami, zagadki z odpowiedziami \u015bmieszne, \u0142atwe laurki, kanapeczki na urodziny dziecka, cytaty o dzieciach, gdzie strumyk p\u0142ynie z wolna, opis rodzina, bajki na dobranoc do czytania, zagadki podchwytliwe, liwia imi\u0119, paula znaczenie imienia, podchwytliwe zagadki z odpowiedziami, historia pluszowego misia dla dzieci, quizy dla dzieci 10 lat, prezent [&hellip;]<\/p>\n","protected":false},"featured_media":0,"comment_status":"closed","ping_status":"open","template":"","meta":[],"product_cat":[],"product_tag":[626,745,840,805],"class_list":["post-11292","product","type-product","status-publish","hentry","product_tag-jacek","product_tag-prezent-dla-15-latki","product_tag-stare-bajki","product_tag-znaczenie-imienia-alan"],"_links":{"self":[{"href":"http:\/\/klubmamgdynia.pl\/index.php\/wp-json\/wp\/v2\/product\/11292","targetHints":{"allow":["GET"]}}],"collection":[{"href":"http:\/\/klubmamgdynia.pl\/index.php\/wp-json\/wp\/v2\/product"}],"about":[{"href":"http:\/\/klubmamgdynia.pl\/index.php\/wp-json\/wp\/v2\/types\/product"}],"replies":[{"embeddable":true,"href":"http:\/\/klubmamgdynia.pl\/index.php\/wp-json\/wp\/v2\/comments?post=11292"}],"wp:attachment":[{"href":"http:\/\/klubmamgdynia.pl\/index.php\/wp-json\/wp\/v2\/media?parent=11292"}],"wp:term":[{"taxonomy":"product_cat","embeddable":true,"href":"http:\/\/klubmamgdynia.pl\/index.php\/wp-json\/wp\/v2\/product_cat?post=11292"},{"taxonomy":"product_tag","embeddable":true,"href":"http:\/\/klubmamgdynia.pl\/index.php\/wp-json\/wp\/v2\/product_tag?post=11292"}],"curies":[{"name":"wp","href":"https:\/\/api.w.org\/{rel}","templated":true}]}}