{"id":11293,"date":"2018-07-28T04:59:37","date_gmt":"2018-07-28T02:59:37","guid":{"rendered":"http:\/\/klubmamgdynia.pl\/index.php\/produkt\/idealna-dla-milosnika-serialu-animowanego-pt-psi-patrol-serial-ten-opowiada-o-przygodach-szczeniakow-marshalla\/"},"modified":"2026-04-03T16:27:01","modified_gmt":"2026-04-03T14:27:01","slug":"idealna-dla-milosnika-serialu-animowanego-pt-psi-patrol-serial-ten-opowiada-o-przygodach-szczeniakow-marshalla","status":"publish","type":"product","link":"http:\/\/klubmamgdynia.pl\/index.php\/produkt\/idealna-dla-milosnika-serialu-animowanego-pt-psi-patrol-serial-ten-opowiada-o-przygodach-szczeniakow-marshalla\/","title":{"rendered":"idealna dla mi\u0142o\u015bnika serialu animowanego pt. \u201ePsi patrol\u201d. Serial ten opowiada o przygodach szczeniak\u00f3w &#8211; Marshalla"},"content":{"rendered":"<p>Rockyego<\/p>\n<h2>idealna dla mi\u0142o\u015bnika serialu animowanego pt. \u201ePsi patrol\u201d. Serial ten opowiada o przygodach szczeniak\u00f3w &#8211; Marshalla Zumy iSkye<\/h2>\n<p>\u015bmieszne zagadki dla dzieci 10 lat, lodowiska w warszawie, opis do zdj\u0119cia dziecka, quiz o psie kt\u00f3ry je\u017adzi\u0142 kolej\u0105, kotek kolorowanka, \u0142amig\u0142\u00f3wki dla dzieci do wydruku, karty pracy polsko ukrai\u0144skie, kolorowanki samochody, wszystkie kraje \u015bwiata quiz, znaczenie imiona justyna, prezent dla ch\u0142opca na roczek, malowanki piesek, prezent dla ch\u0142opca na roczek, quiz psi patrol, miriam imie, julian, kolorowanki pikachu, Keyword, prezent dla roczniaka, kolorowanki do druku peppa, bajki na dobranoc<\/p>\n<p>yyyyy<\/p>\n<p>&nbsp;<\/p>\n","protected":false},"excerpt":{"rendered":"<p>Rockyego idealna dla mi\u0142o\u015bnika serialu animowanego pt. \u201ePsi patrol\u201d. Serial ten opowiada o przygodach szczeniak\u00f3w &#8211; Marshalla Zumy iSkye \u015bmieszne zagadki dla dzieci 10 lat, lodowiska w warszawie, opis do zdj\u0119cia dziecka, quiz o psie kt\u00f3ry je\u017adzi\u0142 kolej\u0105, kotek kolorowanka, \u0142amig\u0142\u00f3wki dla dzieci do wydruku, karty pracy polsko ukrai\u0144skie, kolorowanki samochody, wszystkie kraje \u015bwiata quiz, [&hellip;]<\/p>\n","protected":false},"featured_media":0,"comment_status":"closed","ping_status":"open","template":"","meta":[],"product_cat":[1987,1986],"product_tag":[598,719,673,843,771],"class_list":["post-11293","product","type-product","status-publish","hentry","product_cat-oraz-chlopca-o-imieniu-ryder-wspolnie-wyruszaja-na-ratunek-potrzebujacym-i-dzielnie-stawiaja-czola-wszelkim-zagrozeniom-maskotka-marshall-przedstawia-psa-rasy-dalmatynczyk","product_cat-zumy-iskye","product_tag-co-na-roczek-dla-dziewczynki","product_tag-dziecko-cytaty-zlote-mysli","product_tag-juz-blisko-koleda-tekst","product_tag-smieszne-zagadki-dla-dzieci","product_tag-stolice-europy-quiz"],"_links":{"self":[{"href":"http:\/\/klubmamgdynia.pl\/index.php\/wp-json\/wp\/v2\/product\/11293","targetHints":{"allow":["GET"]}}],"collection":[{"href":"http:\/\/klubmamgdynia.pl\/index.php\/wp-json\/wp\/v2\/product"}],"about":[{"href":"http:\/\/klubmamgdynia.pl\/index.php\/wp-json\/wp\/v2\/types\/product"}],"replies":[{"embeddable":true,"href":"http:\/\/klubmamgdynia.pl\/index.php\/wp-json\/wp\/v2\/comments?post=11293"}],"wp:attachment":[{"href":"http:\/\/klubmamgdynia.pl\/index.php\/wp-json\/wp\/v2\/media?parent=11293"}],"wp:term":[{"taxonomy":"product_cat","embeddable":true,"href":"http:\/\/klubmamgdynia.pl\/index.php\/wp-json\/wp\/v2\/product_cat?post=11293"},{"taxonomy":"product_tag","embeddable":true,"href":"http:\/\/klubmamgdynia.pl\/index.php\/wp-json\/wp\/v2\/product_tag?post=11293"}],"curies":[{"name":"wp","href":"https:\/\/api.w.org\/{rel}","templated":true}]}}