{"id":11294,"date":"2023-12-16T15:46:16","date_gmt":"2023-12-16T14:46:16","guid":{"rendered":"http:\/\/klubmamgdynia.pl\/?post_type=product&#038;p=11294"},"modified":"2026-05-17T23:33:02","modified_gmt":"2026-05-17T21:33:02","slug":"11294","status":"publish","type":"product","link":"http:\/\/klubmamgdynia.pl\/index.php\/produkt\/11294\/","title":{"rendered":""},"content":{"rendered":"<h2> <\/h2>\n<p>test z lektury opowie\u015bci z narnii lew czarownica i stara szafa z odpowiedziami, emanuel, cytaty korczaka, pomys\u0142y na roczek, tekst kolysanek, w uk\u0142adzie s\u0142onecznym tekst, wierszyk o wakacjach<\/p>\n<p>yyyyy<\/p>\n<p>&nbsp;<\/p>\n","protected":false},"excerpt":{"rendered":"<p>test z lektury opowie\u015bci z narnii lew czarownica i stara szafa z odpowiedziami, emanuel, cytaty korczaka, pomys\u0142y na roczek, tekst kolysanek, w uk\u0142adzie s\u0142onecznym tekst, wierszyk o wakacjach yyyyy &nbsp;<\/p>\n","protected":false},"featured_media":0,"comment_status":"closed","ping_status":"open","template":"","meta":[],"product_cat":[],"product_tag":[839,674,599,762,724],"class_list":["post-11294","product","type-product","status-publish","hentry","product_tag-bajki-na-dobranoc-do-czytania","product_tag-miasto-dzieci","product_tag-prezent-dla-nastolatkow-2021","product_tag-trudne-zagadki-dla-dzieci","product_tag-zagadki-podchwytliwe"],"_links":{"self":[{"href":"http:\/\/klubmamgdynia.pl\/index.php\/wp-json\/wp\/v2\/product\/11294","targetHints":{"allow":["GET"]}}],"collection":[{"href":"http:\/\/klubmamgdynia.pl\/index.php\/wp-json\/wp\/v2\/product"}],"about":[{"href":"http:\/\/klubmamgdynia.pl\/index.php\/wp-json\/wp\/v2\/types\/product"}],"replies":[{"embeddable":true,"href":"http:\/\/klubmamgdynia.pl\/index.php\/wp-json\/wp\/v2\/comments?post=11294"}],"wp:attachment":[{"href":"http:\/\/klubmamgdynia.pl\/index.php\/wp-json\/wp\/v2\/media?parent=11294"}],"wp:term":[{"taxonomy":"product_cat","embeddable":true,"href":"http:\/\/klubmamgdynia.pl\/index.php\/wp-json\/wp\/v2\/product_cat?post=11294"},{"taxonomy":"product_tag","embeddable":true,"href":"http:\/\/klubmamgdynia.pl\/index.php\/wp-json\/wp\/v2\/product_tag?post=11294"}],"curies":[{"name":"wp","href":"https:\/\/api.w.org\/{rel}","templated":true}]}}