{"id":11295,"date":"2011-06-23T04:02:06","date_gmt":"2011-06-23T02:02:06","guid":{"rendered":"http:\/\/klubmamgdynia.pl\/index.php\/produkt\/aby-przelaczyc-tryb-pojazdu-w-statek\/"},"modified":"2026-04-05T19:46:27","modified_gmt":"2026-04-05T17:46:27","slug":"aby-przelaczyc-tryb-pojazdu-w-statek","status":"publish","type":"product","link":"http:\/\/klubmamgdynia.pl\/index.php\/produkt\/aby-przelaczyc-tryb-pojazdu-w-statek\/","title":{"rendered":"aby prze\u0142\u0105czy\u0107 tryb pojazdu w statek"},"content":{"rendered":"<p>kt\u00f3re nape\u0142nisz dwoma pociskami do\u0142\u0105czonymi do zestawu.Zawarto\u015b\u0107 pude\u0142ka:- figurka Marshall<\/p>\n<h2>aby prze\u0142\u0105czy\u0107 tryb pojazdu w statek &#8211; transformuj\u0105cy w\u00f3z stra\u017cacki<\/h2>\n<p>ju\u017c blisko kol\u0119da tekst, pa\u0144stwa europy i ich stolice quiz, sara, zagadki slowne, litery kolorowanka, irma, kundel bury tekst, kr\u00f3tkie zagadki dla dzieci, kolorowanki andrzejkowe, asiunia test z lektury, prezenty dla rocznego dziecka, pierwsze urodziny prezent na roczek dla ch\u0142opca, z\u0142ote my\u015bli pedagogiczne, cytaty na dzie\u0144 nauczyciela, agroturystyka dla dzieci ze zwierz\u0119tami, piosenki dla dzieci o jesieni, imie nadia, kolorowanki pokemon do druku, wroclaw atrakcje dla dzieci, zagadki zagadki, kolorowanka peppa<\/p>\n<p>yyyyy<\/p>\n<p>&nbsp;<\/p>\n","protected":false},"excerpt":{"rendered":"<p>kt\u00f3re nape\u0142nisz dwoma pociskami do\u0142\u0105czonymi do zestawu.Zawarto\u015b\u0107 pude\u0142ka:- figurka Marshall aby prze\u0142\u0105czy\u0107 tryb pojazdu w statek &#8211; transformuj\u0105cy w\u00f3z stra\u017cacki ju\u017c blisko kol\u0119da tekst, pa\u0144stwa europy i ich stolice quiz, sara, zagadki slowne, litery kolorowanka, irma, kundel bury tekst, kr\u00f3tkie zagadki dla dzieci, kolorowanki andrzejkowe, asiunia test z lektury, prezenty dla rocznego dziecka, pierwsze urodziny [&hellip;]<\/p>\n","protected":false},"featured_media":0,"comment_status":"closed","ping_status":"open","template":"","meta":[],"product_cat":[1989,1988],"product_tag":[828,768,609],"class_list":["post-11295","product","type-product","status-publish","hentry","product_cat-2-pociski-zabawka-dla-dzieci-od-3-roku-zycia","product_cat-transformujacy-woz-strazacki","product_tag-filmy-wigilijne-dla-dzieci","product_tag-krotkie-zagadki-logiczne","product_tag-quiz-flagi-europy"],"_links":{"self":[{"href":"http:\/\/klubmamgdynia.pl\/index.php\/wp-json\/wp\/v2\/product\/11295","targetHints":{"allow":["GET"]}}],"collection":[{"href":"http:\/\/klubmamgdynia.pl\/index.php\/wp-json\/wp\/v2\/product"}],"about":[{"href":"http:\/\/klubmamgdynia.pl\/index.php\/wp-json\/wp\/v2\/types\/product"}],"replies":[{"embeddable":true,"href":"http:\/\/klubmamgdynia.pl\/index.php\/wp-json\/wp\/v2\/comments?post=11295"}],"wp:attachment":[{"href":"http:\/\/klubmamgdynia.pl\/index.php\/wp-json\/wp\/v2\/media?parent=11295"}],"wp:term":[{"taxonomy":"product_cat","embeddable":true,"href":"http:\/\/klubmamgdynia.pl\/index.php\/wp-json\/wp\/v2\/product_cat?post=11295"},{"taxonomy":"product_tag","embeddable":true,"href":"http:\/\/klubmamgdynia.pl\/index.php\/wp-json\/wp\/v2\/product_tag?post=11295"}],"curies":[{"name":"wp","href":"https:\/\/api.w.org\/{rel}","templated":true}]}}