{"id":11296,"date":"2012-08-17T03:06:59","date_gmt":"2012-08-17T01:06:59","guid":{"rendered":"http:\/\/klubmamgdynia.pl\/index.php\/produkt\/11296\/"},"modified":"2026-05-17T22:27:20","modified_gmt":"2026-05-17T20:27:20","slug":"11296","status":"publish","type":"product","link":"http:\/\/klubmamgdynia.pl\/index.php\/produkt\/11296\/","title":{"rendered":""},"content":{"rendered":"<h2> <\/h2>\n<p>kolorowanka harry potter, kolorowanki dla dziewczynek lol, pi\u0119kne kr\u00f3tkie wiersze, bajki terapeutyczne o emocjach, piosenki dla dzieci tekst, dzie\u0144 pluszowego misia, rado\u015b\u0107 dziecka cytaty<\/p>\n<p>yyyyy<\/p>\n<p>&nbsp;<\/p>\n","protected":false},"excerpt":{"rendered":"<p>kolorowanka harry potter, kolorowanki dla dziewczynek lol, pi\u0119kne kr\u00f3tkie wiersze, bajki terapeutyczne o emocjach, piosenki dla dzieci tekst, dzie\u0144 pluszowego misia, rado\u015b\u0107 dziecka cytaty yyyyy &nbsp;<\/p>\n","protected":false},"featured_media":0,"comment_status":"closed","ping_status":"open","template":"","meta":[],"product_cat":[],"product_tag":[657,862,596,606,724,615],"class_list":["post-11296","product","type-product","status-publish","hentry","product_tag-lol-kolorowanka","product_tag-nasza-zima-zla-tekst","product_tag-pomysly-na-prima-aprilis","product_tag-stala-pod-sniegiem","product_tag-zagadki-podchwytliwe","product_tag-znane-misie-z-filmow-animowanych"],"_links":{"self":[{"href":"http:\/\/klubmamgdynia.pl\/index.php\/wp-json\/wp\/v2\/product\/11296","targetHints":{"allow":["GET"]}}],"collection":[{"href":"http:\/\/klubmamgdynia.pl\/index.php\/wp-json\/wp\/v2\/product"}],"about":[{"href":"http:\/\/klubmamgdynia.pl\/index.php\/wp-json\/wp\/v2\/types\/product"}],"replies":[{"embeddable":true,"href":"http:\/\/klubmamgdynia.pl\/index.php\/wp-json\/wp\/v2\/comments?post=11296"}],"wp:attachment":[{"href":"http:\/\/klubmamgdynia.pl\/index.php\/wp-json\/wp\/v2\/media?parent=11296"}],"wp:term":[{"taxonomy":"product_cat","embeddable":true,"href":"http:\/\/klubmamgdynia.pl\/index.php\/wp-json\/wp\/v2\/product_cat?post=11296"},{"taxonomy":"product_tag","embeddable":true,"href":"http:\/\/klubmamgdynia.pl\/index.php\/wp-json\/wp\/v2\/product_tag?post=11296"}],"curies":[{"name":"wp","href":"https:\/\/api.w.org\/{rel}","templated":true}]}}