{"id":11298,"date":"2022-07-13T05:56:17","date_gmt":"2022-07-13T03:56:17","guid":{"rendered":"http:\/\/klubmamgdynia.pl\/index.php\/produkt\/11298\/"},"modified":"2026-04-30T14:55:56","modified_gmt":"2026-04-30T12:55:56","slug":"11298","status":"publish","type":"product","link":"http:\/\/klubmamgdynia.pl\/index.php\/produkt\/11298\/","title":{"rendered":""},"content":{"rendered":"<h2> <\/h2>\n<p>dzieci z bullerbyn quiz, \u017cyczenia bo\u017ce narodzenie oryginalne, test z dzieci z bullerbyn, pi\u0119kne kr\u00f3tkie wiersze, m\u0105dre bajki dla dzieci do czytania, mitologia test, psikusy na prima aprilis, znaczenie imiona alan, test opowie\u015bci z narnii lew czarownica i stara szafa do druku, atrakcje dla dzieci wroc\u0142aw 2021, wakacje kolorowanka, opowie\u015bci z narni test, tekst ko\u0142ysanki, wiktor, nauka pisania wyraz\u00f3w dla dzieci do druku pdf, ozdoby \u015bwi\u0105teczne do zrobienia z dzie\u0107mi, kwiecie\u0144 plecie\u0144 wiersz, prezent dla nastolatek<\/p>\n<p>yyyyy<\/p>\n<p>&nbsp;<\/p>\n","protected":false},"excerpt":{"rendered":"<p>dzieci z bullerbyn quiz, \u017cyczenia bo\u017ce narodzenie oryginalne, test z dzieci z bullerbyn, pi\u0119kne kr\u00f3tkie wiersze, m\u0105dre bajki dla dzieci do czytania, mitologia test, psikusy na prima aprilis, znaczenie imiona alan, test opowie\u015bci z narnii lew czarownica i stara szafa do druku, atrakcje dla dzieci wroc\u0142aw 2021, wakacje kolorowanka, opowie\u015bci z narni test, tekst ko\u0142ysanki, [&hellip;]<\/p>\n","protected":false},"featured_media":0,"comment_status":"closed","ping_status":"open","template":"","meta":[],"product_cat":[],"product_tag":[833,656,768,718],"class_list":["post-11298","product","type-product","status-publish","hentry","product_tag-bajki-dla-dzieci-do-czytania","product_tag-kolorowanki-lol","product_tag-krotkie-zagadki-logiczne","product_tag-prezent-na-roczek-dla-chrzesniaka"],"_links":{"self":[{"href":"http:\/\/klubmamgdynia.pl\/index.php\/wp-json\/wp\/v2\/product\/11298","targetHints":{"allow":["GET"]}}],"collection":[{"href":"http:\/\/klubmamgdynia.pl\/index.php\/wp-json\/wp\/v2\/product"}],"about":[{"href":"http:\/\/klubmamgdynia.pl\/index.php\/wp-json\/wp\/v2\/types\/product"}],"replies":[{"embeddable":true,"href":"http:\/\/klubmamgdynia.pl\/index.php\/wp-json\/wp\/v2\/comments?post=11298"}],"wp:attachment":[{"href":"http:\/\/klubmamgdynia.pl\/index.php\/wp-json\/wp\/v2\/media?parent=11298"}],"wp:term":[{"taxonomy":"product_cat","embeddable":true,"href":"http:\/\/klubmamgdynia.pl\/index.php\/wp-json\/wp\/v2\/product_cat?post=11298"},{"taxonomy":"product_tag","embeddable":true,"href":"http:\/\/klubmamgdynia.pl\/index.php\/wp-json\/wp\/v2\/product_tag?post=11298"}],"curies":[{"name":"wp","href":"https:\/\/api.w.org\/{rel}","templated":true}]}}