{"id":1130,"date":"2011-10-11T01:33:38","date_gmt":"2011-10-10T23:33:38","guid":{"rendered":"http:\/\/klubmamgdynia.pl\/index.php\/produkt\/aig-interaktywna-kostka-edukacyjna-dzwieki-swiatla\/"},"modified":"2026-04-29T04:52:46","modified_gmt":"2026-04-29T02:52:46","slug":"aig-interaktywna-kostka-edukacyjna-dzwieki-swiatla","status":"publish","type":"product","link":"http:\/\/klubmamgdynia.pl\/index.php\/produkt\/aig-interaktywna-kostka-edukacyjna-dzwieki-swiatla\/","title":{"rendered":"Aig Interaktywna Kostka Edukacyjna D\u017awi\u0119ki \u015awiat\u0142a"},"content":{"rendered":"<p>Kostka Edukacyjna HOLA NO.806<\/p>\n<h2>Aig Interaktywna Kostka Edukacyjna D\u017awi\u0119ki \u015awiat\u0142a <\/h2>\n<p>platformy edukacyjne, jesienne zagadki, zagadki \u015bmieszne dla dzieci, prezent dla nastolatk\u00f3w, opis o rodzinie, zagadki co to jest, choinka z bibu\u0142y, prezenty na dzie\u0144 dziecka dla nastolatk\u00f3w, zagadki o zwierz\u0119tach, imi\u0119 miriam, tupu tup po \u015bniegu tekst, labirynt psi patrol, kartka walentynkowa r\u0119cznie robiona \u0142atwa, rodzina cytaty, prezent na roczek dla chlopca<\/p>\n<p>yyyyy<\/p>\n<p>&nbsp;<\/p>\n","protected":false},"excerpt":{"rendered":"<p>Kostka Edukacyjna HOLA NO.806 Aig Interaktywna Kostka Edukacyjna D\u017awi\u0119ki \u015awiat\u0142a platformy edukacyjne, jesienne zagadki, zagadki \u015bmieszne dla dzieci, prezent dla nastolatk\u00f3w, opis o rodzinie, zagadki co to jest, choinka z bibu\u0142y, prezenty na dzie\u0144 dziecka dla nastolatk\u00f3w, zagadki o zwierz\u0119tach, imi\u0119 miriam, tupu tup po \u015bniegu tekst, labirynt psi patrol, kartka walentynkowa r\u0119cznie robiona \u0142atwa, [&hellip;]<\/p>\n","protected":false},"featured_media":1131,"comment_status":"closed","ping_status":"open","template":"","meta":[],"product_cat":[39],"product_tag":[837,861,783,746],"class_list":["post-1130","product","type-product","status-publish","has-post-thumbnail","hentry","product_cat-zabawki-interaktywne","product_tag-cicha-noc-po-angielsku","product_tag-jak-narysowac-psa","product_tag-prezenty-na-roczek-dla-chlopca","product_tag-zagadki-typu-co-to-jest"],"_links":{"self":[{"href":"http:\/\/klubmamgdynia.pl\/index.php\/wp-json\/wp\/v2\/product\/1130","targetHints":{"allow":["GET"]}}],"collection":[{"href":"http:\/\/klubmamgdynia.pl\/index.php\/wp-json\/wp\/v2\/product"}],"about":[{"href":"http:\/\/klubmamgdynia.pl\/index.php\/wp-json\/wp\/v2\/types\/product"}],"replies":[{"embeddable":true,"href":"http:\/\/klubmamgdynia.pl\/index.php\/wp-json\/wp\/v2\/comments?post=1130"}],"wp:featuredmedia":[{"embeddable":true,"href":"http:\/\/klubmamgdynia.pl\/index.php\/wp-json\/wp\/v2\/media\/1131"}],"wp:attachment":[{"href":"http:\/\/klubmamgdynia.pl\/index.php\/wp-json\/wp\/v2\/media?parent=1130"}],"wp:term":[{"taxonomy":"product_cat","embeddable":true,"href":"http:\/\/klubmamgdynia.pl\/index.php\/wp-json\/wp\/v2\/product_cat?post=1130"},{"taxonomy":"product_tag","embeddable":true,"href":"http:\/\/klubmamgdynia.pl\/index.php\/wp-json\/wp\/v2\/product_tag?post=1130"}],"curies":[{"name":"wp","href":"https:\/\/api.w.org\/{rel}","templated":true}]}}