{"id":11301,"date":"2022-11-08T04:38:25","date_gmt":"2022-11-08T03:38:25","guid":{"rendered":"http:\/\/klubmamgdynia.pl\/?post_type=product&#038;p=11301"},"modified":"2026-04-07T05:07:07","modified_gmt":"2026-04-07T03:07:07","slug":"11301","status":"publish","type":"product","link":"http:\/\/klubmamgdynia.pl\/index.php\/produkt\/11301\/","title":{"rendered":""},"content":{"rendered":"<h2> <\/h2>\n<p>atrakcje dla dzieci trojmiasto, bajka do czytania o piesku, everest psi patrol, zagadki dla 5 latka, ozdoby wielkanocne kt\u00f3re mog\u0105 zrobi\u0107 dzieci, pieski pies kolorowanka, wierszyki o marzannie, kolorowanka my little pony<\/p>\n<p>yyyyy<\/p>\n<p>&nbsp;<\/p>\n","protected":false},"excerpt":{"rendered":"<p>atrakcje dla dzieci trojmiasto, bajka do czytania o piesku, everest psi patrol, zagadki dla 5 latka, ozdoby wielkanocne kt\u00f3re mog\u0105 zrobi\u0107 dzieci, pieski pies kolorowanka, wierszyki o marzannie, kolorowanka my little pony yyyyy &nbsp;<\/p>\n","protected":false},"featured_media":0,"comment_status":"closed","ping_status":"open","template":"","meta":[],"product_cat":[],"product_tag":[750,766,868,770,840],"class_list":["post-11301","product","type-product","status-publish","hentry","product_tag-imie-kostek","product_tag-kira","product_tag-quizy-dla-dzieci","product_tag-samolot-z-papieru","product_tag-stare-bajki"],"_links":{"self":[{"href":"http:\/\/klubmamgdynia.pl\/index.php\/wp-json\/wp\/v2\/product\/11301","targetHints":{"allow":["GET"]}}],"collection":[{"href":"http:\/\/klubmamgdynia.pl\/index.php\/wp-json\/wp\/v2\/product"}],"about":[{"href":"http:\/\/klubmamgdynia.pl\/index.php\/wp-json\/wp\/v2\/types\/product"}],"replies":[{"embeddable":true,"href":"http:\/\/klubmamgdynia.pl\/index.php\/wp-json\/wp\/v2\/comments?post=11301"}],"wp:attachment":[{"href":"http:\/\/klubmamgdynia.pl\/index.php\/wp-json\/wp\/v2\/media?parent=11301"}],"wp:term":[{"taxonomy":"product_cat","embeddable":true,"href":"http:\/\/klubmamgdynia.pl\/index.php\/wp-json\/wp\/v2\/product_cat?post=11301"},{"taxonomy":"product_tag","embeddable":true,"href":"http:\/\/klubmamgdynia.pl\/index.php\/wp-json\/wp\/v2\/product_tag?post=11301"}],"curies":[{"name":"wp","href":"https:\/\/api.w.org\/{rel}","templated":true}]}}