{"id":11303,"date":"2016-03-20T04:30:05","date_gmt":"2016-03-20T03:30:05","guid":{"rendered":"http:\/\/klubmamgdynia.pl\/index.php\/produkt\/11303\/"},"modified":"2026-04-29T19:18:04","modified_gmt":"2026-04-29T17:18:04","slug":"11303","status":"publish","type":"product","link":"http:\/\/klubmamgdynia.pl\/index.php\/produkt\/11303\/","title":{"rendered":""},"content":{"rendered":"<h2> <\/h2>\n<p>kolorowanki star wars, prezent dla 17 latki, anio\u0142 rysunek prosty, kolorowanki lego ninjago, mandala kolorowanka, zemsta quizy, film animowany o \u015bwi\u0119tach, quiz stolice europy, misie z bajek, szlaczki do druku, a \u015bpij kochanie, mia imie, \u015bmieszne zagadki z odpowiedziami, rymowanki o pisankach, domowe syropy na zim\u0119, opisy do zdj z dzieckiem, ptak b\u0105k<\/p>\n<p>yyyyy<\/p>\n<p>&nbsp;<\/p>\n","protected":false},"excerpt":{"rendered":"<p>kolorowanki star wars, prezent dla 17 latki, anio\u0142 rysunek prosty, kolorowanki lego ninjago, mandala kolorowanka, zemsta quizy, film animowany o \u015bwi\u0119tach, quiz stolice europy, misie z bajek, szlaczki do druku, a \u015bpij kochanie, mia imie, \u015bmieszne zagadki z odpowiedziami, rymowanki o pisankach, domowe syropy na zim\u0119, opisy do zdj z dzieckiem, ptak b\u0105k yyyyy &nbsp;<\/p>\n","protected":false},"featured_media":0,"comment_status":"closed","ping_status":"open","template":"","meta":[],"product_cat":[],"product_tag":[825,817,754,843],"class_list":["post-11303","product","type-product","status-publish","hentry","product_tag-bajka-na-dobranoc-do-czytania","product_tag-bajka-terapeutyczna-o-emocjach","product_tag-dyplomy-do-wydrukowania-a4","product_tag-smieszne-zagadki-dla-dzieci"],"_links":{"self":[{"href":"http:\/\/klubmamgdynia.pl\/index.php\/wp-json\/wp\/v2\/product\/11303","targetHints":{"allow":["GET"]}}],"collection":[{"href":"http:\/\/klubmamgdynia.pl\/index.php\/wp-json\/wp\/v2\/product"}],"about":[{"href":"http:\/\/klubmamgdynia.pl\/index.php\/wp-json\/wp\/v2\/types\/product"}],"replies":[{"embeddable":true,"href":"http:\/\/klubmamgdynia.pl\/index.php\/wp-json\/wp\/v2\/comments?post=11303"}],"wp:attachment":[{"href":"http:\/\/klubmamgdynia.pl\/index.php\/wp-json\/wp\/v2\/media?parent=11303"}],"wp:term":[{"taxonomy":"product_cat","embeddable":true,"href":"http:\/\/klubmamgdynia.pl\/index.php\/wp-json\/wp\/v2\/product_cat?post=11303"},{"taxonomy":"product_tag","embeddable":true,"href":"http:\/\/klubmamgdynia.pl\/index.php\/wp-json\/wp\/v2\/product_tag?post=11303"}],"curies":[{"name":"wp","href":"https:\/\/api.w.org\/{rel}","templated":true}]}}