{"id":11305,"date":"2023-06-23T10:13:51","date_gmt":"2023-06-23T08:13:51","guid":{"rendered":"http:\/\/klubmamgdynia.pl\/?post_type=product&#038;p=11305"},"modified":"2026-05-17T23:06:10","modified_gmt":"2026-05-17T21:06:10","slug":"co-nadejdzie-dziecko-moze-dolaczyc-do-dzielnego-pieska","status":"publish","type":"product","link":"http:\/\/klubmamgdynia.pl\/index.php\/produkt\/co-nadejdzie-dziecko-moze-dolaczyc-do-dzielnego-pieska\/","title":{"rendered":"co nadejdzie. Dziecko mo\u017ce do\u0142\u0105czy\u0107 do dzielnego pieska"},"content":{"rendered":"<h2>co nadejdzie. Dziecko mo\u017ce do\u0142\u0105czy\u0107 do dzielnego pieska <\/h2>\n<p>choinka kolorowanka szablon, asiunia pytania do lektury, zagadki logiczne matematyczne dla dzieci, historia pluszowego misia, kolorowanki do druku super zings, opis do zdj\u0119cia dziecka, bajki terapeutyczne o emocjach pdf, kr\u00f3tkie czytanki dla dzieci do wydruku, radiowe nuty niech zyja wakacje, bajki dla dzieci na dobranoc do czytania, zaproszenie na urodziny do druku, \u0142amig\u0142\u00f3wki logiczne dla dzieci, krecik bajka, darmowe kolorowanki do druku, zagadki z odpowiedziami, cytat matka<\/p>\n<p>yyyyy<\/p>\n<p>&nbsp;<\/p>\n","protected":false},"excerpt":{"rendered":"<p>co nadejdzie. Dziecko mo\u017ce do\u0142\u0105czy\u0107 do dzielnego pieska choinka kolorowanka szablon, asiunia pytania do lektury, zagadki logiczne matematyczne dla dzieci, historia pluszowego misia, kolorowanki do druku super zings, opis do zdj\u0119cia dziecka, bajki terapeutyczne o emocjach pdf, kr\u00f3tkie czytanki dla dzieci do wydruku, radiowe nuty niech zyja wakacje, bajki dla dzieci na dobranoc do czytania, [&hellip;]<\/p>\n","protected":false},"featured_media":0,"comment_status":"closed","ping_status":"open","template":"","meta":[],"product_cat":[],"product_tag":[834,777,821,693,725],"class_list":["post-11305","product","type-product","status-publish","hentry","product_tag-bajka-do-czytania-na-dobranoc","product_tag-co-na-roczek","product_tag-marianna","product_tag-zagadki-dla-doroslych","product_tag-zgadywanki"],"_links":{"self":[{"href":"http:\/\/klubmamgdynia.pl\/index.php\/wp-json\/wp\/v2\/product\/11305","targetHints":{"allow":["GET"]}}],"collection":[{"href":"http:\/\/klubmamgdynia.pl\/index.php\/wp-json\/wp\/v2\/product"}],"about":[{"href":"http:\/\/klubmamgdynia.pl\/index.php\/wp-json\/wp\/v2\/types\/product"}],"replies":[{"embeddable":true,"href":"http:\/\/klubmamgdynia.pl\/index.php\/wp-json\/wp\/v2\/comments?post=11305"}],"wp:attachment":[{"href":"http:\/\/klubmamgdynia.pl\/index.php\/wp-json\/wp\/v2\/media?parent=11305"}],"wp:term":[{"taxonomy":"product_cat","embeddable":true,"href":"http:\/\/klubmamgdynia.pl\/index.php\/wp-json\/wp\/v2\/product_cat?post=11305"},{"taxonomy":"product_tag","embeddable":true,"href":"http:\/\/klubmamgdynia.pl\/index.php\/wp-json\/wp\/v2\/product_tag?post=11305"}],"curies":[{"name":"wp","href":"https:\/\/api.w.org\/{rel}","templated":true}]}}