{"id":11306,"date":"2014-05-11T12:16:25","date_gmt":"2014-05-11T10:16:25","guid":{"rendered":"http:\/\/klubmamgdynia.pl\/index.php\/produkt\/11306\/"},"modified":"2026-04-24T06:26:31","modified_gmt":"2026-04-24T04:26:31","slug":"11306","status":"publish","type":"product","link":"http:\/\/klubmamgdynia.pl\/index.php\/produkt\/11306\/","title":{"rendered":""},"content":{"rendered":"<h2> <\/h2>\n<p>bajki do czytania dla dzieci, julian, zaj\u0119cia dla nastolatk\u00f3w, znane misie z film\u00f3w animowanych, ma\u0142y ksi\u0105\u017c\u0119 cytaty o przyja\u017ani, ach \u015bpij kochanie tekst, karyna, glupie zagadki, aron, zadania dla 7 latka do druku, renata to nie imi\u0119, karty pracy obrazki do wyklejania plastelin\u0105<\/p>\n<p>yyyyy<\/p>\n<p>&nbsp;<\/p>\n","protected":false},"excerpt":{"rendered":"<p>bajki do czytania dla dzieci, julian, zaj\u0119cia dla nastolatk\u00f3w, znane misie z film\u00f3w animowanych, ma\u0142y ksi\u0105\u017c\u0119 cytaty o przyja\u017ani, ach \u015bpij kochanie tekst, karyna, glupie zagadki, aron, zadania dla 7 latka do druku, renata to nie imi\u0119, karty pracy obrazki do wyklejania plastelin\u0105 yyyyy &nbsp;<\/p>\n","protected":false},"featured_media":0,"comment_status":"closed","ping_status":"open","template":"","meta":[],"product_cat":[],"product_tag":[772,690,630,771,588,746],"class_list":["post-11306","product","type-product","status-publish","hentry","product_tag-45-panstw-europy-i-ich-stolice-quiz","product_tag-pieski-male-dwa-tekst","product_tag-podchwytliwe-zagadki-z-odpowiedziami","product_tag-stolice-europy-quiz","product_tag-wzruszajace-slowa-dla-przyjaciela","product_tag-zagadki-typu-co-to-jest"],"_links":{"self":[{"href":"http:\/\/klubmamgdynia.pl\/index.php\/wp-json\/wp\/v2\/product\/11306","targetHints":{"allow":["GET"]}}],"collection":[{"href":"http:\/\/klubmamgdynia.pl\/index.php\/wp-json\/wp\/v2\/product"}],"about":[{"href":"http:\/\/klubmamgdynia.pl\/index.php\/wp-json\/wp\/v2\/types\/product"}],"replies":[{"embeddable":true,"href":"http:\/\/klubmamgdynia.pl\/index.php\/wp-json\/wp\/v2\/comments?post=11306"}],"wp:attachment":[{"href":"http:\/\/klubmamgdynia.pl\/index.php\/wp-json\/wp\/v2\/media?parent=11306"}],"wp:term":[{"taxonomy":"product_cat","embeddable":true,"href":"http:\/\/klubmamgdynia.pl\/index.php\/wp-json\/wp\/v2\/product_cat?post=11306"},{"taxonomy":"product_tag","embeddable":true,"href":"http:\/\/klubmamgdynia.pl\/index.php\/wp-json\/wp\/v2\/product_tag?post=11306"}],"curies":[{"name":"wp","href":"https:\/\/api.w.org\/{rel}","templated":true}]}}