{"id":11308,"date":"2013-03-04T12:50:24","date_gmt":"2013-03-04T11:50:24","guid":{"rendered":"http:\/\/klubmamgdynia.pl\/index.php\/produkt\/woz-strazacki-marshalla-mozna-latwo-zmienic-w-pojazd-do\/"},"modified":"2026-04-08T07:13:21","modified_gmt":"2026-04-08T05:13:21","slug":"woz-strazacki-marshalla-mozna-latwo-zmienic-w-pojazd-do","status":"publish","type":"product","link":"http:\/\/klubmamgdynia.pl\/index.php\/produkt\/woz-strazacki-marshalla-mozna-latwo-zmienic-w-pojazd-do\/","title":{"rendered":"w\u00f3z stra\u017cacki Marshalla mo\u017cna \u0142atwo zmieni\u0107 w pojazd do"},"content":{"rendered":"<h2>w\u00f3z stra\u017cacki Marshalla mo\u017cna \u0142atwo zmieni\u0107 w pojazd do <\/h2>\n<p>pia, zagadki dla dzieci 10-12 lat, basen warszawa, zabawki na roczek, gabriel imie, maska kota, znaczenie imienia alan, szablony do wyklejania plastelin\u0105, chase psi patrol kolorowanka<\/p>\n<p>yyyyy<\/p>\n<p>&nbsp;<\/p>\n","protected":false},"excerpt":{"rendered":"<p>w\u00f3z stra\u017cacki Marshalla mo\u017cna \u0142atwo zmieni\u0107 w pojazd do pia, zagadki dla dzieci 10-12 lat, basen warszawa, zabawki na roczek, gabriel imie, maska kota, znaczenie imienia alan, szablony do wyklejania plastelin\u0105, chase psi patrol kolorowanka yyyyy &nbsp;<\/p>\n","protected":false},"featured_media":0,"comment_status":"closed","ping_status":"open","template":"","meta":[],"product_cat":[],"product_tag":[780,678,711,835,715],"class_list":["post-11308","product","type-product","status-publish","hentry","product_tag-krecik-bajka","product_tag-prezent-na-roczek-dla-dziewczynki","product_tag-prezenty-dla-nastolatkow","product_tag-radosc-dziecka-cytaty","product_tag-zosia-samosia"],"_links":{"self":[{"href":"http:\/\/klubmamgdynia.pl\/index.php\/wp-json\/wp\/v2\/product\/11308","targetHints":{"allow":["GET"]}}],"collection":[{"href":"http:\/\/klubmamgdynia.pl\/index.php\/wp-json\/wp\/v2\/product"}],"about":[{"href":"http:\/\/klubmamgdynia.pl\/index.php\/wp-json\/wp\/v2\/types\/product"}],"replies":[{"embeddable":true,"href":"http:\/\/klubmamgdynia.pl\/index.php\/wp-json\/wp\/v2\/comments?post=11308"}],"wp:attachment":[{"href":"http:\/\/klubmamgdynia.pl\/index.php\/wp-json\/wp\/v2\/media?parent=11308"}],"wp:term":[{"taxonomy":"product_cat","embeddable":true,"href":"http:\/\/klubmamgdynia.pl\/index.php\/wp-json\/wp\/v2\/product_cat?post=11308"},{"taxonomy":"product_tag","embeddable":true,"href":"http:\/\/klubmamgdynia.pl\/index.php\/wp-json\/wp\/v2\/product_tag?post=11308"}],"curies":[{"name":"wp","href":"https:\/\/api.w.org\/{rel}","templated":true}]}}