{"id":11309,"date":"2021-11-06T20:52:52","date_gmt":"2021-11-06T19:52:52","guid":{"rendered":"http:\/\/klubmamgdynia.pl\/index.php\/produkt\/aby-boki-pojazdu\/"},"modified":"2026-04-24T01:33:50","modified_gmt":"2026-04-23T23:33:50","slug":"aby-boki-pojazdu","status":"publish","type":"product","link":"http:\/\/klubmamgdynia.pl\/index.php\/produkt\/aby-boki-pojazdu\/","title":{"rendered":"aby boki pojazdu"},"content":{"rendered":"<h2>aby boki pojazdu <\/h2>\n<p>anastazja imi\u0119, zagadki dla doros\u0142ych z odpowiedziami, pomys\u0142y na roczek, ko\u0142ysanki teksty, bursztynek, everest psi patrol, sporty po francusku, quizy o koniach, \u0142amig\u0142\u00f3wki dla dzieci do druku, zaproszenia do druku, kanapki halloween, konie quiz, z\u0142ote my\u015bli pedagogiczne, karty pracy do druku za darmo, smieszne zagadki, \u015bmieszne zagadki z odpowiedziami, kr\u00f3tkie bajki dla dzieci<\/p>\n<p>yyyyy<\/p>\n<p>&nbsp;<\/p>\n","protected":false},"excerpt":{"rendered":"<p>aby boki pojazdu anastazja imi\u0119, zagadki dla doros\u0142ych z odpowiedziami, pomys\u0142y na roczek, ko\u0142ysanki teksty, bursztynek, everest psi patrol, sporty po francusku, quizy o koniach, \u0142amig\u0142\u00f3wki dla dzieci do druku, zaproszenia do druku, kanapki halloween, konie quiz, z\u0142ote my\u015bli pedagogiczne, karty pracy do druku za darmo, smieszne zagadki, \u015bmieszne zagadki z odpowiedziami, kr\u00f3tkie bajki dla [&hellip;]<\/p>\n","protected":false},"featured_media":0,"comment_status":"closed","ping_status":"open","template":"","meta":[],"product_cat":[],"product_tag":[789,632,588,581],"class_list":["post-11309","product","type-product","status-publish","hentry","product_tag-kaczuszka","product_tag-warszawa-atrakcje-dla-mlodziezy","product_tag-wzruszajace-slowa-dla-przyjaciela","product_tag-zagadki-dla-8-latka"],"_links":{"self":[{"href":"http:\/\/klubmamgdynia.pl\/index.php\/wp-json\/wp\/v2\/product\/11309","targetHints":{"allow":["GET"]}}],"collection":[{"href":"http:\/\/klubmamgdynia.pl\/index.php\/wp-json\/wp\/v2\/product"}],"about":[{"href":"http:\/\/klubmamgdynia.pl\/index.php\/wp-json\/wp\/v2\/types\/product"}],"replies":[{"embeddable":true,"href":"http:\/\/klubmamgdynia.pl\/index.php\/wp-json\/wp\/v2\/comments?post=11309"}],"wp:attachment":[{"href":"http:\/\/klubmamgdynia.pl\/index.php\/wp-json\/wp\/v2\/media?parent=11309"}],"wp:term":[{"taxonomy":"product_cat","embeddable":true,"href":"http:\/\/klubmamgdynia.pl\/index.php\/wp-json\/wp\/v2\/product_cat?post=11309"},{"taxonomy":"product_tag","embeddable":true,"href":"http:\/\/klubmamgdynia.pl\/index.php\/wp-json\/wp\/v2\/product_tag?post=11309"}],"curies":[{"name":"wp","href":"https:\/\/api.w.org\/{rel}","templated":true}]}}