{"id":11310,"date":"2018-05-11T04:31:33","date_gmt":"2018-05-11T02:31:33","guid":{"rendered":"http:\/\/klubmamgdynia.pl\/index.php\/produkt\/11310\/"},"modified":"2026-05-17T22:59:07","modified_gmt":"2026-05-17T20:59:07","slug":"11310","status":"publish","type":"product","link":"http:\/\/klubmamgdynia.pl\/index.php\/produkt\/11310\/","title":{"rendered":""},"content":{"rendered":"<h2> <\/h2>\n<p>po\u0142\u0105cz kropki do wydruku pdf, dzie\u0144 pluszowego misia, prezent dla 15 latki 2021, jeremi, kolorowanki do druku dla ch\u0142opc\u00f3w, impreza halloween 2021 dla dzieci, rozrywka dla dzieci, roza imie, kr\u00f3tkie \u017cyczenia wielkanocne dla dzieci<\/p>\n<p>yyyyy<\/p>\n<p>&nbsp;<\/p>\n","protected":false},"excerpt":{"rendered":"<p>po\u0142\u0105cz kropki do wydruku pdf, dzie\u0144 pluszowego misia, prezent dla 15 latki 2021, jeremi, kolorowanki do druku dla ch\u0142opc\u00f3w, impreza halloween 2021 dla dzieci, rozrywka dla dzieci, roza imie, kr\u00f3tkie \u017cyczenia wielkanocne dla dzieci yyyyy &nbsp;<\/p>\n","protected":false},"featured_media":0,"comment_status":"closed","ping_status":"open","template":"","meta":[],"product_cat":[],"product_tag":[833,821,743,675],"class_list":["post-11310","product","type-product","status-publish","hentry","product_tag-bajki-dla-dzieci-do-czytania","product_tag-marianna","product_tag-quiz-dla-dzieci","product_tag-test-z-lektury-kajko-i-kokosz-szkola-latania"],"_links":{"self":[{"href":"http:\/\/klubmamgdynia.pl\/index.php\/wp-json\/wp\/v2\/product\/11310","targetHints":{"allow":["GET"]}}],"collection":[{"href":"http:\/\/klubmamgdynia.pl\/index.php\/wp-json\/wp\/v2\/product"}],"about":[{"href":"http:\/\/klubmamgdynia.pl\/index.php\/wp-json\/wp\/v2\/types\/product"}],"replies":[{"embeddable":true,"href":"http:\/\/klubmamgdynia.pl\/index.php\/wp-json\/wp\/v2\/comments?post=11310"}],"wp:attachment":[{"href":"http:\/\/klubmamgdynia.pl\/index.php\/wp-json\/wp\/v2\/media?parent=11310"}],"wp:term":[{"taxonomy":"product_cat","embeddable":true,"href":"http:\/\/klubmamgdynia.pl\/index.php\/wp-json\/wp\/v2\/product_cat?post=11310"},{"taxonomy":"product_tag","embeddable":true,"href":"http:\/\/klubmamgdynia.pl\/index.php\/wp-json\/wp\/v2\/product_tag?post=11310"}],"curies":[{"name":"wp","href":"https:\/\/api.w.org\/{rel}","templated":true}]}}