{"id":11311,"date":"2016-07-30T19:22:41","date_gmt":"2016-07-30T17:22:41","guid":{"rendered":"http:\/\/klubmamgdynia.pl\/index.php\/produkt\/11311\/"},"modified":"2026-05-17T20:52:34","modified_gmt":"2026-05-17T18:52:34","slug":"11311","status":"publish","type":"product","link":"http:\/\/klubmamgdynia.pl\/index.php\/produkt\/11311\/","title":{"rendered":""},"content":{"rendered":"<h2> <\/h2>\n<p>trudne zagadki logiczne z odpowiedziami, zagadki dla dzieci 10 12 lat z odpowiedziami, andrea, szablony do wyklejania plastelin\u0105, zagadki dla dzieci 9-10 lat z odpowiedziami, imi\u0119 r\u00f3\u017ca, co kupi\u0107 nastolatce na \u015bwi\u0119ta, zagadki trudne, ma\u0142y ksi\u0105\u017c\u0119 cytaty o przyja\u017ani, literki do pisania<\/p>\n<p>yyyyy<\/p>\n<p>&nbsp;<\/p>\n","protected":false},"excerpt":{"rendered":"<p>trudne zagadki logiczne z odpowiedziami, zagadki dla dzieci 10 12 lat z odpowiedziami, andrea, szablony do wyklejania plastelin\u0105, zagadki dla dzieci 9-10 lat z odpowiedziami, imi\u0119 r\u00f3\u017ca, co kupi\u0107 nastolatce na \u015bwi\u0119ta, zagadki trudne, ma\u0142y ksi\u0105\u017c\u0119 cytaty o przyja\u017ani, literki do pisania yyyyy &nbsp;<\/p>\n","protected":false},"featured_media":0,"comment_status":"closed","ping_status":"open","template":"","meta":[],"product_cat":[],"product_tag":[651,586,737,608,746],"class_list":["post-11311","product","type-product","status-publish","hentry","product_tag-quizy-online","product_tag-smieszne-zagadki","product_tag-test-z-lektury-felix-net-i-nika-oraz-gang-niewidzialnych-ludzi","product_tag-zagadki-i-odpowiedzi","product_tag-zagadki-typu-co-to-jest"],"_links":{"self":[{"href":"http:\/\/klubmamgdynia.pl\/index.php\/wp-json\/wp\/v2\/product\/11311","targetHints":{"allow":["GET"]}}],"collection":[{"href":"http:\/\/klubmamgdynia.pl\/index.php\/wp-json\/wp\/v2\/product"}],"about":[{"href":"http:\/\/klubmamgdynia.pl\/index.php\/wp-json\/wp\/v2\/types\/product"}],"replies":[{"embeddable":true,"href":"http:\/\/klubmamgdynia.pl\/index.php\/wp-json\/wp\/v2\/comments?post=11311"}],"wp:attachment":[{"href":"http:\/\/klubmamgdynia.pl\/index.php\/wp-json\/wp\/v2\/media?parent=11311"}],"wp:term":[{"taxonomy":"product_cat","embeddable":true,"href":"http:\/\/klubmamgdynia.pl\/index.php\/wp-json\/wp\/v2\/product_cat?post=11311"},{"taxonomy":"product_tag","embeddable":true,"href":"http:\/\/klubmamgdynia.pl\/index.php\/wp-json\/wp\/v2\/product_tag?post=11311"}],"curies":[{"name":"wp","href":"https:\/\/api.w.org\/{rel}","templated":true}]}}