{"id":11312,"date":"2020-07-10T18:25:49","date_gmt":"2020-07-10T16:25:49","guid":{"rendered":"http:\/\/klubmamgdynia.pl\/index.php\/produkt\/11312\/"},"modified":"2026-05-17T22:58:45","modified_gmt":"2026-05-17T20:58:45","slug":"11312","status":"publish","type":"product","link":"http:\/\/klubmamgdynia.pl\/index.php\/produkt\/11312\/","title":{"rendered":""},"content":{"rendered":"<h2> <\/h2>\n<p>platformy edukacyjne dla dzieci, molo w brze\u017anie, jesienne zagadki, trudne zagadki wielkanocne, paloma, bajki o ksi\u0119\u017cniczkach do czytania, testy z lektury miko\u0142ajek, zagadki o zwierz\u0119tach domowych, gry ruchowe dla dzieci, hymn g\u00f3rniczy, stare bajki<\/p>\n<p>yyyyy<\/p>\n<p>&nbsp;<\/p>\n","protected":false},"excerpt":{"rendered":"<p>platformy edukacyjne dla dzieci, molo w brze\u017anie, jesienne zagadki, trudne zagadki wielkanocne, paloma, bajki o ksi\u0119\u017cniczkach do czytania, testy z lektury miko\u0142ajek, zagadki o zwierz\u0119tach domowych, gry ruchowe dla dzieci, hymn g\u00f3rniczy, stare bajki yyyyy &nbsp;<\/p>\n","protected":false},"featured_media":0,"comment_status":"closed","ping_status":"open","template":"","meta":[],"product_cat":[],"product_tag":[603,790,862,577],"class_list":["post-11312","product","type-product","status-publish","hentry","product_tag-bajki-do-czytania","product_tag-gry-planszowe-dla-nastolatkow","product_tag-nasza-zima-zla-tekst","product_tag-znaki-drogowe-test"],"_links":{"self":[{"href":"http:\/\/klubmamgdynia.pl\/index.php\/wp-json\/wp\/v2\/product\/11312","targetHints":{"allow":["GET"]}}],"collection":[{"href":"http:\/\/klubmamgdynia.pl\/index.php\/wp-json\/wp\/v2\/product"}],"about":[{"href":"http:\/\/klubmamgdynia.pl\/index.php\/wp-json\/wp\/v2\/types\/product"}],"replies":[{"embeddable":true,"href":"http:\/\/klubmamgdynia.pl\/index.php\/wp-json\/wp\/v2\/comments?post=11312"}],"wp:attachment":[{"href":"http:\/\/klubmamgdynia.pl\/index.php\/wp-json\/wp\/v2\/media?parent=11312"}],"wp:term":[{"taxonomy":"product_cat","embeddable":true,"href":"http:\/\/klubmamgdynia.pl\/index.php\/wp-json\/wp\/v2\/product_cat?post=11312"},{"taxonomy":"product_tag","embeddable":true,"href":"http:\/\/klubmamgdynia.pl\/index.php\/wp-json\/wp\/v2\/product_tag?post=11312"}],"curies":[{"name":"wp","href":"https:\/\/api.w.org\/{rel}","templated":true}]}}