{"id":11315,"date":"2014-01-16T00:00:49","date_gmt":"2014-01-15T23:00:49","guid":{"rendered":"http:\/\/klubmamgdynia.pl\/index.php\/produkt\/11315\/"},"modified":"2026-05-17T23:42:59","modified_gmt":"2026-05-17T21:42:59","slug":"11315","status":"publish","type":"product","link":"http:\/\/klubmamgdynia.pl\/index.php\/produkt\/11315\/","title":{"rendered":""},"content":{"rendered":"<h2> <\/h2>\n<p>quiz flagi europy, zabawy z 7 latkiem, quiz stolice europy, pytania logiczne, linda, kontynenty do druku, \u017carty prima aprilis, kolorowanki kotki do druku, kolorowanki pieski, transformers kolorowanka, bajka o piesku do czytania, bajka dla niemowlaka, prezenty dla nastolatk\u00f3w 2021, zagadki matematyczne dla dzieci 7 lat, szlaczki do druku, kartki na dobranoc dla przyjaci\u00f3\u0142<\/p>\n<p>yyyyy<\/p>\n<p>&nbsp;<\/p>\n","protected":false},"excerpt":{"rendered":"<p>quiz flagi europy, zabawy z 7 latkiem, quiz stolice europy, pytania logiczne, linda, kontynenty do druku, \u017carty prima aprilis, kolorowanki kotki do druku, kolorowanki pieski, transformers kolorowanka, bajka o piesku do czytania, bajka dla niemowlaka, prezenty dla nastolatk\u00f3w 2021, zagadki matematyczne dla dzieci 7 lat, szlaczki do druku, kartki na dobranoc dla przyjaci\u00f3\u0142 yyyyy &nbsp;<\/p>\n","protected":false},"featured_media":0,"comment_status":"closed","ping_status":"open","template":"","meta":[],"product_cat":[],"product_tag":[719,842,627,725],"class_list":["post-11315","product","type-product","status-publish","hentry","product_tag-dziecko-cytaty-zlote-mysli","product_tag-plac-zabaw-poznan","product_tag-quiz-dzieci-z-bullerbyn","product_tag-zgadywanki"],"_links":{"self":[{"href":"http:\/\/klubmamgdynia.pl\/index.php\/wp-json\/wp\/v2\/product\/11315","targetHints":{"allow":["GET"]}}],"collection":[{"href":"http:\/\/klubmamgdynia.pl\/index.php\/wp-json\/wp\/v2\/product"}],"about":[{"href":"http:\/\/klubmamgdynia.pl\/index.php\/wp-json\/wp\/v2\/types\/product"}],"replies":[{"embeddable":true,"href":"http:\/\/klubmamgdynia.pl\/index.php\/wp-json\/wp\/v2\/comments?post=11315"}],"wp:attachment":[{"href":"http:\/\/klubmamgdynia.pl\/index.php\/wp-json\/wp\/v2\/media?parent=11315"}],"wp:term":[{"taxonomy":"product_cat","embeddable":true,"href":"http:\/\/klubmamgdynia.pl\/index.php\/wp-json\/wp\/v2\/product_cat?post=11315"},{"taxonomy":"product_tag","embeddable":true,"href":"http:\/\/klubmamgdynia.pl\/index.php\/wp-json\/wp\/v2\/product_tag?post=11315"}],"curies":[{"name":"wp","href":"https:\/\/api.w.org\/{rel}","templated":true}]}}