{"id":11317,"date":"2013-02-21T21:27:02","date_gmt":"2013-02-21T20:27:02","guid":{"rendered":"http:\/\/klubmamgdynia.pl\/index.php\/produkt\/aby-wystrzelic-dodatkowo-zabawa-bedzie-jeszcze\/"},"modified":"2026-05-17T22:46:39","modified_gmt":"2026-05-17T20:46:39","slug":"aby-wystrzelic-dodatkowo-zabawa-bedzie-jeszcze","status":"publish","type":"product","link":"http:\/\/klubmamgdynia.pl\/index.php\/produkt\/aby-wystrzelic-dodatkowo-zabawa-bedzie-jeszcze\/","title":{"rendered":"aby wystrzeli\u0107. Dodatkowo zabawa b\u0119dzie jeszcze"},"content":{"rendered":"<h2>aby wystrzeli\u0107. Dodatkowo zabawa b\u0119dzie jeszcze <\/h2>\n<p>test z dzieci z bullerbyn, filmy animowane o \u015bwi\u0119tach, lukrecja imie, cytaty korczak, star wars kolorowanka, zagadki dla dzieci, malowanki dla dzieci, anio\u0142ki w niebie pisz\u0105, ciekawe miejsca w warszawie dla m\u0142odzie\u017cy, gloria imi\u0119, fajne \u017carty na prima aprilis, r\u00f3\u017cne zagadki, upominek dla nastolatk\u00f3w, prezent na 1 urodziny dla ch\u0142opca, felix net i nika oraz gang niewidzialnych ludzi test z odpowiedziami, kolorowanki wed\u0142ug kodu do druku, dyplomy szablony pdf<\/p>\n<p>yyyyy<\/p>\n<p>&nbsp;<\/p>\n","protected":false},"excerpt":{"rendered":"<p>aby wystrzeli\u0107. Dodatkowo zabawa b\u0119dzie jeszcze test z dzieci z bullerbyn, filmy animowane o \u015bwi\u0119tach, lukrecja imie, cytaty korczak, star wars kolorowanka, zagadki dla dzieci, malowanki dla dzieci, anio\u0142ki w niebie pisz\u0105, ciekawe miejsca w warszawie dla m\u0142odzie\u017cy, gloria imi\u0119, fajne \u017carty na prima aprilis, r\u00f3\u017cne zagadki, upominek dla nastolatk\u00f3w, prezent na 1 urodziny dla [&hellip;]<\/p>\n","protected":false},"featured_media":0,"comment_status":"closed","ping_status":"open","template":"","meta":[],"product_cat":[],"product_tag":[722,818,690,823,615],"class_list":["post-11317","product","type-product","status-publish","hentry","product_tag-cytaty-o-przyjazni","product_tag-oliwier","product_tag-pieski-male-dwa-tekst","product_tag-zagadki-dla-dzieci-7-lat","product_tag-znane-misie-z-filmow-animowanych"],"_links":{"self":[{"href":"http:\/\/klubmamgdynia.pl\/index.php\/wp-json\/wp\/v2\/product\/11317","targetHints":{"allow":["GET"]}}],"collection":[{"href":"http:\/\/klubmamgdynia.pl\/index.php\/wp-json\/wp\/v2\/product"}],"about":[{"href":"http:\/\/klubmamgdynia.pl\/index.php\/wp-json\/wp\/v2\/types\/product"}],"replies":[{"embeddable":true,"href":"http:\/\/klubmamgdynia.pl\/index.php\/wp-json\/wp\/v2\/comments?post=11317"}],"wp:attachment":[{"href":"http:\/\/klubmamgdynia.pl\/index.php\/wp-json\/wp\/v2\/media?parent=11317"}],"wp:term":[{"taxonomy":"product_cat","embeddable":true,"href":"http:\/\/klubmamgdynia.pl\/index.php\/wp-json\/wp\/v2\/product_cat?post=11317"},{"taxonomy":"product_tag","embeddable":true,"href":"http:\/\/klubmamgdynia.pl\/index.php\/wp-json\/wp\/v2\/product_tag?post=11317"}],"curies":[{"name":"wp","href":"https:\/\/api.w.org\/{rel}","templated":true}]}}