{"id":11318,"date":"2014-11-15T11:30:08","date_gmt":"2014-11-15T10:30:08","guid":{"rendered":"http:\/\/klubmamgdynia.pl\/index.php\/produkt\/dzieki-dolaczonej-figurce-psa-marshalla-dzieci-moga-odtwarzac-przygody\/"},"modified":"2026-05-01T00:48:44","modified_gmt":"2026-04-30T22:48:44","slug":"dzieki-dolaczonej-figurce-psa-marshalla-dzieci-moga-odtwarzac-przygody","status":"publish","type":"product","link":"http:\/\/klubmamgdynia.pl\/index.php\/produkt\/dzieki-dolaczonej-figurce-psa-marshalla-dzieci-moga-odtwarzac-przygody\/","title":{"rendered":"dzi\u0119ki do\u0142\u0105czonej figurce psa Marshalla. Dzieci mog\u0105 odtwarza\u0107 przygody"},"content":{"rendered":"<h2>dzi\u0119ki do\u0142\u0105czonej figurce psa Marshalla. Dzieci mog\u0105 odtwarza\u0107 przygody <\/h2>\n<p>zaproszenia na urodziny do wydruku czarno bia\u0142e, co \u0142apie ale nie rzuca, zosia samosia wiersz, wierszyki o wakacjach kr\u00f3tkie, przysz\u0142a zima bia\u0142a, cytat z kubusia puchatka o mi\u0142o\u015bci, imi\u0119 kostek, bianka, zagadki o wio\u015bnie dla dzieci, jak zrobi\u0107 samolot z papieru, szablon krokus kolorowanka, kanapki na urodziny dziecka, pierwsze urodziny prezent na roczek dla ch\u0142opca, bajki na dobranoc do czytania<\/p>\n<p>yyyyy<\/p>\n<p>&nbsp;<\/p>\n","protected":false},"excerpt":{"rendered":"<p>dzi\u0119ki do\u0142\u0105czonej figurce psa Marshalla. Dzieci mog\u0105 odtwarza\u0107 przygody zaproszenia na urodziny do wydruku czarno bia\u0142e, co \u0142apie ale nie rzuca, zosia samosia wiersz, wierszyki o wakacjach kr\u00f3tkie, przysz\u0142a zima bia\u0142a, cytat z kubusia puchatka o mi\u0142o\u015bci, imi\u0119 kostek, bianka, zagadki o wio\u015bnie dla dzieci, jak zrobi\u0107 samolot z papieru, szablon krokus kolorowanka, kanapki na [&hellip;]<\/p>\n","protected":false},"featured_media":0,"comment_status":"closed","ping_status":"open","template":"","meta":[],"product_cat":[],"product_tag":[813,674,743,675,641,608],"class_list":["post-11318","product","type-product","status-publish","hentry","product_tag-krotkie-zagadki-matematyczne-z-odpowiedziami","product_tag-miasto-dzieci","product_tag-quiz-dla-dzieci","product_tag-test-z-lektury-kajko-i-kokosz-szkola-latania","product_tag-trudne-zagadki-logiczne","product_tag-zagadki-i-odpowiedzi"],"_links":{"self":[{"href":"http:\/\/klubmamgdynia.pl\/index.php\/wp-json\/wp\/v2\/product\/11318","targetHints":{"allow":["GET"]}}],"collection":[{"href":"http:\/\/klubmamgdynia.pl\/index.php\/wp-json\/wp\/v2\/product"}],"about":[{"href":"http:\/\/klubmamgdynia.pl\/index.php\/wp-json\/wp\/v2\/types\/product"}],"replies":[{"embeddable":true,"href":"http:\/\/klubmamgdynia.pl\/index.php\/wp-json\/wp\/v2\/comments?post=11318"}],"wp:attachment":[{"href":"http:\/\/klubmamgdynia.pl\/index.php\/wp-json\/wp\/v2\/media?parent=11318"}],"wp:term":[{"taxonomy":"product_cat","embeddable":true,"href":"http:\/\/klubmamgdynia.pl\/index.php\/wp-json\/wp\/v2\/product_cat?post=11318"},{"taxonomy":"product_tag","embeddable":true,"href":"http:\/\/klubmamgdynia.pl\/index.php\/wp-json\/wp\/v2\/product_tag?post=11318"}],"curies":[{"name":"wp","href":"https:\/\/api.w.org\/{rel}","templated":true}]}}