{"id":11319,"date":"2020-06-08T10:05:25","date_gmt":"2020-06-08T08:05:25","guid":{"rendered":"http:\/\/klubmamgdynia.pl\/index.php\/produkt\/11319\/"},"modified":"2026-04-07T10:45:40","modified_gmt":"2026-04-07T08:45:40","slug":"11319","status":"publish","type":"product","link":"http:\/\/klubmamgdynia.pl\/index.php\/produkt\/11319\/","title":{"rendered":""},"content":{"rendered":"<h2> <\/h2>\n<p>p\u0142onie ognisko w lesie, maska do druku, bajki do czytania, kolorowe kanapki kanapki dla dzieci, maska iron man, najlepsze \u017carty na prima aprilis, jakie prezenty na roczek, kinderbal przepisy, najpi\u0119kniejsze cytaty o przyja\u017ani, zabawka na roczek dla dziewczynki, pomys\u0142 na prezent dla 7 latki, przygody tomka sawyera test, bajki dla niemowl\u0105t do czytania, jak narysowa\u0107 sanie miko\u0142aja<\/p>\n<p>yyyyy<\/p>\n<p>&nbsp;<\/p>\n","protected":false},"excerpt":{"rendered":"<p>p\u0142onie ognisko w lesie, maska do druku, bajki do czytania, kolorowe kanapki kanapki dla dzieci, maska iron man, najlepsze \u017carty na prima aprilis, jakie prezenty na roczek, kinderbal przepisy, najpi\u0119kniejsze cytaty o przyja\u017ani, zabawka na roczek dla dziewczynki, pomys\u0142 na prezent dla 7 latki, przygody tomka sawyera test, bajki dla niemowl\u0105t do czytania, jak narysowa\u0107 [&hellip;]<\/p>\n","protected":false},"featured_media":0,"comment_status":"closed","ping_status":"open","template":"","meta":[],"product_cat":[],"product_tag":[819,643,675,741],"class_list":["post-11319","product","type-product","status-publish","hentry","product_tag-co-kupic-nastolatce-na-swieta","product_tag-prezent-dla-17-latki","product_tag-test-z-lektury-kajko-i-kokosz-szkola-latania","product_tag-wlochy"],"_links":{"self":[{"href":"http:\/\/klubmamgdynia.pl\/index.php\/wp-json\/wp\/v2\/product\/11319","targetHints":{"allow":["GET"]}}],"collection":[{"href":"http:\/\/klubmamgdynia.pl\/index.php\/wp-json\/wp\/v2\/product"}],"about":[{"href":"http:\/\/klubmamgdynia.pl\/index.php\/wp-json\/wp\/v2\/types\/product"}],"replies":[{"embeddable":true,"href":"http:\/\/klubmamgdynia.pl\/index.php\/wp-json\/wp\/v2\/comments?post=11319"}],"wp:attachment":[{"href":"http:\/\/klubmamgdynia.pl\/index.php\/wp-json\/wp\/v2\/media?parent=11319"}],"wp:term":[{"taxonomy":"product_cat","embeddable":true,"href":"http:\/\/klubmamgdynia.pl\/index.php\/wp-json\/wp\/v2\/product_cat?post=11319"},{"taxonomy":"product_tag","embeddable":true,"href":"http:\/\/klubmamgdynia.pl\/index.php\/wp-json\/wp\/v2\/product_tag?post=11319"}],"curies":[{"name":"wp","href":"https:\/\/api.w.org\/{rel}","templated":true}]}}