{"id":1132,"date":"2014-05-30T01:06:24","date_gmt":"2014-05-29T23:06:24","guid":{"rendered":"http:\/\/klubmamgdynia.pl\/index.php\/produkt\/kiddymoon-plastikowe-pileczki-7cm-zestaw-kulek-perla-transparent-16657321\/"},"modified":"2026-04-24T19:05:16","modified_gmt":"2026-04-24T17:05:16","slug":"kiddymoon-plastikowe-pileczki-7cm-zestaw-kulek-perla-transparent-16657321","status":"publish","type":"product","link":"http:\/\/klubmamgdynia.pl\/index.php\/produkt\/kiddymoon-plastikowe-pileczki-7cm-zestaw-kulek-perla-transparent-16657321\/","title":{"rendered":"Kiddymoon Plastikowe pi\u0142eczki 7cm zestaw kulek per\u0142a-transparent (16657321)"},"content":{"rendered":"<p>Kolorowe pi\u0142eczki, kt\u00f3re posiadaj\u0105 atesty i s\u0105 bezpieczne dla Twojego Dziecka. Lekkie i przyjemne w dotyku zapewni\u0105 \u015bwietn\u0105 kolorow\u0105 zabaw\u0119.Posiadaj\u0105 certyfikat CE.\u015arednica pi\u0142eczek wynosi 7cm.Sk\u0142ad: 100% polietylen.<\/p>\n<h2>Kiddymoon Plastikowe pi\u0142eczki 7cm zestaw kulek per\u0142a-transparent (16657321) KiddyMoon<\/h2>\n<p>zagadki matematyczne z odpowiedziami, mira imie, lato lato lato czeka tekst, miko\u0142ajki 2021 warszawa, lodowiska w warszawie, bajki dla niemowl\u0105t, lol kolorowanki do druku, prezenty dla nastolatki, 20 pytania do lektury ma\u0142y ksi\u0105\u017c\u0119, kolorowanka harry potter, prezent dla m\u0142odzie\u017cy, prezenty dla m\u0142odzie\u017cy, spiderman do druku<\/p>\n<p>yyyyy<\/p>\n<p>&nbsp;<\/p>\n","protected":false},"excerpt":{"rendered":"<p>Kolorowe pi\u0142eczki, kt\u00f3re posiadaj\u0105 atesty i s\u0105 bezpieczne dla Twojego Dziecka. Lekkie i przyjemne w dotyku zapewni\u0105 \u015bwietn\u0105 kolorow\u0105 zabaw\u0119.Posiadaj\u0105 certyfikat CE.\u015arednica pi\u0142eczek wynosi 7cm.Sk\u0142ad: 100% polietylen. Kiddymoon Plastikowe pi\u0142eczki 7cm zestaw kulek per\u0142a-transparent (16657321) KiddyMoon zagadki matematyczne z odpowiedziami, mira imie, lato lato lato czeka tekst, miko\u0142ajki 2021 warszawa, lodowiska w warszawie, bajki dla [&hellip;]<\/p>\n","protected":false},"featured_media":1133,"comment_status":"closed","ping_status":"open","template":"","meta":[],"product_cat":[346,295],"product_tag":[578,707,642,684],"class_list":["post-1132","product","type-product","status-publish","has-post-thumbnail","hentry","product_cat-kiddymoon","product_cat-pozostale-zabawki","product_tag-fajne-zarty-na-prima-aprilis","product_tag-karty-pracy-dla-dzieci-z-ukrainy","product_tag-mia-imie","product_tag-prezent-dla-dziewczynki-na-roczek"],"_links":{"self":[{"href":"http:\/\/klubmamgdynia.pl\/index.php\/wp-json\/wp\/v2\/product\/1132","targetHints":{"allow":["GET"]}}],"collection":[{"href":"http:\/\/klubmamgdynia.pl\/index.php\/wp-json\/wp\/v2\/product"}],"about":[{"href":"http:\/\/klubmamgdynia.pl\/index.php\/wp-json\/wp\/v2\/types\/product"}],"replies":[{"embeddable":true,"href":"http:\/\/klubmamgdynia.pl\/index.php\/wp-json\/wp\/v2\/comments?post=1132"}],"wp:featuredmedia":[{"embeddable":true,"href":"http:\/\/klubmamgdynia.pl\/index.php\/wp-json\/wp\/v2\/media\/1133"}],"wp:attachment":[{"href":"http:\/\/klubmamgdynia.pl\/index.php\/wp-json\/wp\/v2\/media?parent=1132"}],"wp:term":[{"taxonomy":"product_cat","embeddable":true,"href":"http:\/\/klubmamgdynia.pl\/index.php\/wp-json\/wp\/v2\/product_cat?post=1132"},{"taxonomy":"product_tag","embeddable":true,"href":"http:\/\/klubmamgdynia.pl\/index.php\/wp-json\/wp\/v2\/product_tag?post=1132"}],"curies":[{"name":"wp","href":"https:\/\/api.w.org\/{rel}","templated":true}]}}