{"id":11320,"date":"2017-08-08T17:18:15","date_gmt":"2017-08-08T15:18:15","guid":{"rendered":"http:\/\/klubmamgdynia.pl\/index.php\/produkt\/11320\/"},"modified":"2026-04-23T17:25:01","modified_gmt":"2026-04-23T15:25:01","slug":"11320","status":"publish","type":"product","link":"http:\/\/klubmamgdynia.pl\/index.php\/produkt\/11320\/","title":{"rendered":""},"content":{"rendered":"<h2> <\/h2>\n<p>jeremi imi\u0119, nowe quizy do rozwi\u0105zania, papierowe ozdoby \u015bwi\u0105teczne, \u0142amig\u0142\u00f3wki dla dzieci, prezenty dla nastolatkow, molo w brze\u017anie, miko\u0142ajki dla dzieci warszawa 2021, zagadki dla dzieci o zwierz\u0119tach, cookie dough przepis, znaczenie imiona kinga, pola znaczenie imienia, cytat dla mamy, cytaty o rodzicach, test z narnii, quizy \u015bwi\u0105teczne bo\u017ce narodzenie<\/p>\n<p>yyyyy<\/p>\n<p>&nbsp;<\/p>\n","protected":false},"excerpt":{"rendered":"<p>jeremi imi\u0119, nowe quizy do rozwi\u0105zania, papierowe ozdoby \u015bwi\u0105teczne, \u0142amig\u0142\u00f3wki dla dzieci, prezenty dla nastolatkow, molo w brze\u017anie, miko\u0142ajki dla dzieci warszawa 2021, zagadki dla dzieci o zwierz\u0119tach, cookie dough przepis, znaczenie imiona kinga, pola znaczenie imienia, cytat dla mamy, cytaty o rodzicach, test z narnii, quizy \u015bwi\u0105teczne bo\u017ce narodzenie yyyyy &nbsp;<\/p>\n","protected":false},"featured_media":0,"comment_status":"closed","ping_status":"open","template":"","meta":[],"product_cat":[],"product_tag":[702,740,774,576,822,713],"class_list":["post-11320","product","type-product","status-publish","hentry","product_tag-co-kupic-na-roczek-dla-dziewczynki","product_tag-fajne-prezenty-dla-nastolatkow","product_tag-prezent-na-roczek-nie-zabawka","product_tag-trudne-zagadki","product_tag-wierszyki-o-wakacjach-krotkie","product_tag-zagadki-logiczne-z-odpowiedziami"],"_links":{"self":[{"href":"http:\/\/klubmamgdynia.pl\/index.php\/wp-json\/wp\/v2\/product\/11320","targetHints":{"allow":["GET"]}}],"collection":[{"href":"http:\/\/klubmamgdynia.pl\/index.php\/wp-json\/wp\/v2\/product"}],"about":[{"href":"http:\/\/klubmamgdynia.pl\/index.php\/wp-json\/wp\/v2\/types\/product"}],"replies":[{"embeddable":true,"href":"http:\/\/klubmamgdynia.pl\/index.php\/wp-json\/wp\/v2\/comments?post=11320"}],"wp:attachment":[{"href":"http:\/\/klubmamgdynia.pl\/index.php\/wp-json\/wp\/v2\/media?parent=11320"}],"wp:term":[{"taxonomy":"product_cat","embeddable":true,"href":"http:\/\/klubmamgdynia.pl\/index.php\/wp-json\/wp\/v2\/product_cat?post=11320"},{"taxonomy":"product_tag","embeddable":true,"href":"http:\/\/klubmamgdynia.pl\/index.php\/wp-json\/wp\/v2\/product_tag?post=11320"}],"curies":[{"name":"wp","href":"https:\/\/api.w.org\/{rel}","templated":true}]}}