{"id":11321,"date":"2021-09-30T00:21:08","date_gmt":"2021-09-29T22:21:08","guid":{"rendered":"http:\/\/klubmamgdynia.pl\/index.php\/produkt\/starodawna-lokomotywa-parowa-to-super-dodatek-do-twojego-swiata-kolejki-drewnianej-kolejke-wyposazono-w-zolte-osie-i-kominy\/"},"modified":"2026-05-17T22:03:31","modified_gmt":"2026-05-17T20:03:31","slug":"starodawna-lokomotywa-parowa-to-super-dodatek-do-twojego-swiata-kolejki-drewnianej-kolejke-wyposazono-w-zolte-osie-i-kominy","status":"publish","type":"product","link":"http:\/\/klubmamgdynia.pl\/index.php\/produkt\/starodawna-lokomotywa-parowa-to-super-dodatek-do-twojego-swiata-kolejki-drewnianej-kolejke-wyposazono-w-zolte-osie-i-kominy\/","title":{"rendered":"starodawna lokomotywa parowa to super dodatek do Twojego \u015bwiata kolejki drewnianej. Kolejk\u0119 wyposa\u017cono w \u017c\u00f3\u0142te osie i kominy"},"content":{"rendered":"<p>kt\u00f3ra umo\u017cliwia ciekaw\u0105 ekspozycj\u0119 modelu<\/p>\n<h2>starodawna lokomotywa parowa to super dodatek do Twojego \u015bwiata kolejki drewnianej. Kolejk\u0119 wyposa\u017cono w \u017c\u00f3\u0142te osie i kominy ale mo\u017ce r\u00f3wnie\u017c pe\u0142ni\u0107 rol\u0119 tunelu. Czerwona podstawa ma form\u0119 toru \u2013 tunel podepniemy na dowolnym odcinku zbudowanej trakcji kolejowej. Wymiary tunelu: 23<\/h2>\n<p>pa\u0144stwa miasta wz\u00f3r, dynie pozna\u0144, gwiazdka do druku, wpad\u0142a bomba do piwnicy, justyna imi\u0119, ozdoby na choink\u0119 dla dzieci z papieru, okolice wroc\u0142awia atrakcje, peppa kolorowanka<\/p>\n<p>yyyyy<\/p>\n<p>&nbsp;<\/p>\n","protected":false},"excerpt":{"rendered":"<p>kt\u00f3ra umo\u017cliwia ciekaw\u0105 ekspozycj\u0119 modelu starodawna lokomotywa parowa to super dodatek do Twojego \u015bwiata kolejki drewnianej. Kolejk\u0119 wyposa\u017cono w \u017c\u00f3\u0142te osie i kominy ale mo\u017ce r\u00f3wnie\u017c pe\u0142ni\u0107 rol\u0119 tunelu. Czerwona podstawa ma form\u0119 toru \u2013 tunel podepniemy na dowolnym odcinku zbudowanej trakcji kolejowej. Wymiary tunelu: 23 pa\u0144stwa miasta wz\u00f3r, dynie pozna\u0144, gwiazdka do druku, wpad\u0142a [&hellip;]<\/p>\n","protected":false},"featured_media":0,"comment_status":"closed","ping_status":"open","template":"","meta":[],"product_cat":[1991,1990],"product_tag":[861,824,796],"class_list":["post-11321","product","type-product","status-publish","hentry","product_cat-5cm-dl-x-7","product_cat-ale-moze-rowniez-pelnic-role-tunelu-czerwona-podstawa-ma-forme-toru-tunel-podepniemy-na-dowolnym-odcinku-zbudowanej-trakcji-kolejowej-wymiary-tunelu-23","product_tag-jak-narysowac-psa","product_tag-warszawa-atrakcje-dla-dzieci","product_tag-zagatki"],"_links":{"self":[{"href":"http:\/\/klubmamgdynia.pl\/index.php\/wp-json\/wp\/v2\/product\/11321","targetHints":{"allow":["GET"]}}],"collection":[{"href":"http:\/\/klubmamgdynia.pl\/index.php\/wp-json\/wp\/v2\/product"}],"about":[{"href":"http:\/\/klubmamgdynia.pl\/index.php\/wp-json\/wp\/v2\/types\/product"}],"replies":[{"embeddable":true,"href":"http:\/\/klubmamgdynia.pl\/index.php\/wp-json\/wp\/v2\/comments?post=11321"}],"wp:attachment":[{"href":"http:\/\/klubmamgdynia.pl\/index.php\/wp-json\/wp\/v2\/media?parent=11321"}],"wp:term":[{"taxonomy":"product_cat","embeddable":true,"href":"http:\/\/klubmamgdynia.pl\/index.php\/wp-json\/wp\/v2\/product_cat?post=11321"},{"taxonomy":"product_tag","embeddable":true,"href":"http:\/\/klubmamgdynia.pl\/index.php\/wp-json\/wp\/v2\/product_tag?post=11321"}],"curies":[{"name":"wp","href":"https:\/\/api.w.org\/{rel}","templated":true}]}}