{"id":11323,"date":"2019-05-07T23:33:03","date_gmt":"2019-05-07T21:33:03","guid":{"rendered":"http:\/\/klubmamgdynia.pl\/index.php\/produkt\/odkrywcow-czy-wreszcie-poszukiwaczy-skarbow-i-tym-wlasnie-jest-gra-bursztynowa-komnata-wspaniala-wyprawa-w-nieznane\/"},"modified":"2026-04-06T05:37:51","modified_gmt":"2026-04-06T03:37:51","slug":"odkrywcow-czy-wreszcie-poszukiwaczy-skarbow-i-tym-wlasnie-jest-gra-bursztynowa-komnata-wspaniala-wyprawa-w-nieznane","status":"publish","type":"product","link":"http:\/\/klubmamgdynia.pl\/index.php\/produkt\/odkrywcow-czy-wreszcie-poszukiwaczy-skarbow-i-tym-wlasnie-jest-gra-bursztynowa-komnata-wspaniala-wyprawa-w-nieznane\/","title":{"rendered":"odkrywc\u00f3w czy wreszcie poszukiwaczy skarb\u00f3w.I tym w\u0142a\u015bnie jest gra \u201eBursztynowa Komnata\u201d\u2013 wspania\u0142\u0105 wypraw\u0105 w nieznane"},"content":{"rendered":"<h2>odkrywc\u00f3w czy wreszcie poszukiwaczy skarb\u00f3w.I tym w\u0142a\u015bnie jest gra \u201eBursztynowa Komnata\u201d\u2013 wspania\u0142\u0105 wypraw\u0105 w nieznane <\/h2>\n<p>zimowe zagadki, co na roczek dla dziewczynki, wierszyk o marzannie, quiz opowie\u015bci z narnii, uk\u0142ad s\u0142oneczny dla dzieci do druku, \u015bw przemys\u0142aw, jak narysowa\u0107 oko<\/p>\n<p>yyyyy<\/p>\n<p>&nbsp;<\/p>\n","protected":false},"excerpt":{"rendered":"<p>odkrywc\u00f3w czy wreszcie poszukiwaczy skarb\u00f3w.I tym w\u0142a\u015bnie jest gra \u201eBursztynowa Komnata\u201d\u2013 wspania\u0142\u0105 wypraw\u0105 w nieznane zimowe zagadki, co na roczek dla dziewczynki, wierszyk o marzannie, quiz opowie\u015bci z narnii, uk\u0142ad s\u0142oneczny dla dzieci do druku, \u015bw przemys\u0142aw, jak narysowa\u0107 oko yyyyy &nbsp;<\/p>\n","protected":false},"featured_media":0,"comment_status":"closed","ping_status":"open","template":"","meta":[],"product_cat":[],"product_tag":[583,812,615],"class_list":["post-11323","product","type-product","status-publish","hentry","product_tag-kolysanki-dla-dzieci-tekst","product_tag-zagadki-logiczne-na-inteligencje","product_tag-znane-misie-z-filmow-animowanych"],"_links":{"self":[{"href":"http:\/\/klubmamgdynia.pl\/index.php\/wp-json\/wp\/v2\/product\/11323","targetHints":{"allow":["GET"]}}],"collection":[{"href":"http:\/\/klubmamgdynia.pl\/index.php\/wp-json\/wp\/v2\/product"}],"about":[{"href":"http:\/\/klubmamgdynia.pl\/index.php\/wp-json\/wp\/v2\/types\/product"}],"replies":[{"embeddable":true,"href":"http:\/\/klubmamgdynia.pl\/index.php\/wp-json\/wp\/v2\/comments?post=11323"}],"wp:attachment":[{"href":"http:\/\/klubmamgdynia.pl\/index.php\/wp-json\/wp\/v2\/media?parent=11323"}],"wp:term":[{"taxonomy":"product_cat","embeddable":true,"href":"http:\/\/klubmamgdynia.pl\/index.php\/wp-json\/wp\/v2\/product_cat?post=11323"},{"taxonomy":"product_tag","embeddable":true,"href":"http:\/\/klubmamgdynia.pl\/index.php\/wp-json\/wp\/v2\/product_tag?post=11323"}],"curies":[{"name":"wp","href":"https:\/\/api.w.org\/{rel}","templated":true}]}}