{"id":11325,"date":"2015-06-05T14:21:16","date_gmt":"2015-06-05T12:21:16","guid":{"rendered":"http:\/\/klubmamgdynia.pl\/index.php\/produkt\/a-zsumowany-wynik-pokazuje-o-ile-pol-i-w-jakim-kierunku-do-przodu-czy-w-tyl-nalezy-ruszyc-pionkiem\/"},"modified":"2026-05-17T22:03:51","modified_gmt":"2026-05-17T20:03:51","slug":"a-zsumowany-wynik-pokazuje-o-ile-pol-i-w-jakim-kierunku-do-przodu-czy-w-tyl-nalezy-ruszyc-pionkiem","status":"publish","type":"product","link":"http:\/\/klubmamgdynia.pl\/index.php\/produkt\/a-zsumowany-wynik-pokazuje-o-ile-pol-i-w-jakim-kierunku-do-przodu-czy-w-tyl-nalezy-ruszyc-pionkiem\/","title":{"rendered":"a zsumowany wynik pokazuje o ile p\u00f3l i w jakim kierunku (do przodu czy w ty\u0142) nale\u017cy ruszy\u0107 pionkiem."},"content":{"rendered":"<h2>a zsumowany wynik pokazuje o ile p\u00f3l i w jakim kierunku (do przodu czy w ty\u0142) nale\u017cy ruszy\u0107 pionkiem. <\/h2>\n<p>prezent dla roczniaka, ma\u0142y ksi\u0105\u017c\u0119 &#8211; test z odpowiedziami, jak si\u0119 rysuje kota, bajka o miko\u0142aju do czytania, przysz\u0142a zima bia\u0142a, kolorowanki konie, bajki dla dzieci do czytania na dobranoc, zagadki dla sze\u015bciolatk\u00f3w, piesek do kolorowania, zagadki dla przedszkolak\u00f3w, nauka polskiego dla dzieci z ukrainy, pomys\u0142 na prezent na roczek, labirynt psi patrol, imi\u0119 alan, zagadki dla dzieci do druku<\/p>\n<p>yyyyy<\/p>\n<p>&nbsp;<\/p>\n","protected":false},"excerpt":{"rendered":"<p>a zsumowany wynik pokazuje o ile p\u00f3l i w jakim kierunku (do przodu czy w ty\u0142) nale\u017cy ruszy\u0107 pionkiem. prezent dla roczniaka, ma\u0142y ksi\u0105\u017c\u0119 &#8211; test z odpowiedziami, jak si\u0119 rysuje kota, bajka o miko\u0142aju do czytania, przysz\u0142a zima bia\u0142a, kolorowanki konie, bajki dla dzieci do czytania na dobranoc, zagadki dla sze\u015bciolatk\u00f3w, piesek do kolorowania, [&hellip;]<\/p>\n","protected":false},"featured_media":0,"comment_status":"closed","ping_status":"open","template":"","meta":[],"product_cat":[],"product_tag":[658,624,596,741,608,623],"class_list":["post-11325","product","type-product","status-publish","hentry","product_tag-alan-znaczenie-imienia","product_tag-krotkie-zagadki","product_tag-pomysly-na-prima-aprilis","product_tag-wlochy","product_tag-zagadki-i-odpowiedzi","product_tag-zagadki-logiczne-smieszne"],"_links":{"self":[{"href":"http:\/\/klubmamgdynia.pl\/index.php\/wp-json\/wp\/v2\/product\/11325","targetHints":{"allow":["GET"]}}],"collection":[{"href":"http:\/\/klubmamgdynia.pl\/index.php\/wp-json\/wp\/v2\/product"}],"about":[{"href":"http:\/\/klubmamgdynia.pl\/index.php\/wp-json\/wp\/v2\/types\/product"}],"replies":[{"embeddable":true,"href":"http:\/\/klubmamgdynia.pl\/index.php\/wp-json\/wp\/v2\/comments?post=11325"}],"wp:attachment":[{"href":"http:\/\/klubmamgdynia.pl\/index.php\/wp-json\/wp\/v2\/media?parent=11325"}],"wp:term":[{"taxonomy":"product_cat","embeddable":true,"href":"http:\/\/klubmamgdynia.pl\/index.php\/wp-json\/wp\/v2\/product_cat?post=11325"},{"taxonomy":"product_tag","embeddable":true,"href":"http:\/\/klubmamgdynia.pl\/index.php\/wp-json\/wp\/v2\/product_tag?post=11325"}],"curies":[{"name":"wp","href":"https:\/\/api.w.org\/{rel}","templated":true}]}}