{"id":11327,"date":"2014-04-18T07:25:27","date_gmt":"2014-04-18T05:25:27","guid":{"rendered":"http:\/\/klubmamgdynia.pl\/index.php\/produkt\/11327\/"},"modified":"2026-04-27T01:31:55","modified_gmt":"2026-04-26T23:31:55","slug":"11327","status":"publish","type":"product","link":"http:\/\/klubmamgdynia.pl\/index.php\/produkt\/11327\/","title":{"rendered":""},"content":{"rendered":"<h2> <\/h2>\n<p>prezent na urodziny dla nastolatki, darmowe kolorowanki do druku, \u017cyczenia na lany poniedzia\u0142ek wielkanocny, gry i zabawy dla dzieci, niech \u017cyj\u0105 wakacje, super zings do druku, myszka minnie kolorowanka, test z lektury dzieci z bullerbyn, w uk\u0142adzie s\u0142onecznym tekst, milena, nauka polskiego dla dzieci z ukrainy, kwiatek kwiaty do druku szablony, literki do nauki pisania do druku, motyl kolorowanka, zagadki do rozwi\u0105zania, gabriel imie, cytaty o dzieci\u0144stwie, ahmed<\/p>\n<p>yyyyy<\/p>\n<p>&nbsp;<\/p>\n","protected":false},"excerpt":{"rendered":"<p>prezent na urodziny dla nastolatki, darmowe kolorowanki do druku, \u017cyczenia na lany poniedzia\u0142ek wielkanocny, gry i zabawy dla dzieci, niech \u017cyj\u0105 wakacje, super zings do druku, myszka minnie kolorowanka, test z lektury dzieci z bullerbyn, w uk\u0142adzie s\u0142onecznym tekst, milena, nauka polskiego dla dzieci z ukrainy, kwiatek kwiaty do druku szablony, literki do nauki pisania [&hellip;]<\/p>\n","protected":false},"featured_media":0,"comment_status":"closed","ping_status":"open","template":"","meta":[],"product_cat":[],"product_tag":[697,816,840,849],"class_list":["post-11327","product","type-product","status-publish","hentry","product_tag-krotkie-bajki-do-czytania","product_tag-place-zabaw-warszawa","product_tag-stare-bajki","product_tag-zagadki-matematyczne-dla-dzieci"],"_links":{"self":[{"href":"http:\/\/klubmamgdynia.pl\/index.php\/wp-json\/wp\/v2\/product\/11327","targetHints":{"allow":["GET"]}}],"collection":[{"href":"http:\/\/klubmamgdynia.pl\/index.php\/wp-json\/wp\/v2\/product"}],"about":[{"href":"http:\/\/klubmamgdynia.pl\/index.php\/wp-json\/wp\/v2\/types\/product"}],"replies":[{"embeddable":true,"href":"http:\/\/klubmamgdynia.pl\/index.php\/wp-json\/wp\/v2\/comments?post=11327"}],"wp:attachment":[{"href":"http:\/\/klubmamgdynia.pl\/index.php\/wp-json\/wp\/v2\/media?parent=11327"}],"wp:term":[{"taxonomy":"product_cat","embeddable":true,"href":"http:\/\/klubmamgdynia.pl\/index.php\/wp-json\/wp\/v2\/product_cat?post=11327"},{"taxonomy":"product_tag","embeddable":true,"href":"http:\/\/klubmamgdynia.pl\/index.php\/wp-json\/wp\/v2\/product_tag?post=11327"}],"curies":[{"name":"wp","href":"https:\/\/api.w.org\/{rel}","templated":true}]}}