{"id":11330,"date":"2020-10-24T20:59:29","date_gmt":"2020-10-24T18:59:29","guid":{"rendered":"http:\/\/klubmamgdynia.pl\/index.php\/produkt\/wykonczony-wysokiej-jakosci-guma-dokladnie-obszyta-krawedz-zestaw-zawierapodkladka-pod-mysz-z-oswietleniem-led-1sztkabel-usb\/"},"modified":"2026-05-17T22:50:28","modified_gmt":"2026-05-17T20:50:28","slug":"wykonczony-wysokiej-jakosci-guma-dokladnie-obszyta-krawedz-zestaw-zawierapodkladka-pod-mysz-z-oswietleniem-led-1sztkabel-usb","status":"publish","type":"product","link":"http:\/\/klubmamgdynia.pl\/index.php\/produkt\/wykonczony-wysokiej-jakosci-guma-dokladnie-obszyta-krawedz-zestaw-zawierapodkladka-pod-mysz-z-oswietleniem-led-1sztkabel-usb\/","title":{"rendered":"wyko\u0144czony wysokiej jako\u015bci gum\u0105.Dok\u0142adnie obszyta kraw\u0119d\u017a.Zestaw zawiera:podk\u0142adka pod mysz z o\u015bwietleniem LED: 1sztkabel USB"},"content":{"rendered":"<h2>wyko\u0144czony wysokiej jako\u015bci gum\u0105.Dok\u0142adnie obszyta kraw\u0119d\u017a.Zestaw zawiera:podk\u0142adka pod mysz z o\u015bwietleniem LED: 1sztkabel USB <\/h2>\n<p>trudne zagadki matematyczne, pia, quiz psi patrol, quiz o hejka tu lenka, nauka j\u0119zyka polskiego dla dzieci z ukrainy materia\u0142y, kolorowanki star wars, peppa kolorowanka do druku, quiz felix net i nika oraz gang niewidzialnych ludzi, \u015bwi\u0105teczny film dla dzieci, miko\u0142ajek quiz, quiz stolice europy, kolorowanka pikachu, quiz dzieci z bullerbyn, transformers kolorowanka, prezent dla dziecka na roczek, nadia<\/p>\n<p>yyyyy<\/p>\n<p>&nbsp;<\/p>\n","protected":false},"excerpt":{"rendered":"<p>wyko\u0144czony wysokiej jako\u015bci gum\u0105.Dok\u0142adnie obszyta kraw\u0119d\u017a.Zestaw zawiera:podk\u0142adka pod mysz z o\u015bwietleniem LED: 1sztkabel USB trudne zagadki matematyczne, pia, quiz psi patrol, quiz o hejka tu lenka, nauka j\u0119zyka polskiego dla dzieci z ukrainy materia\u0142y, kolorowanki star wars, peppa kolorowanka do druku, quiz felix net i nika oraz gang niewidzialnych ludzi, \u015bwi\u0105teczny film dla dzieci, miko\u0142ajek [&hellip;]<\/p>\n","protected":false},"featured_media":0,"comment_status":"closed","ping_status":"open","template":"","meta":[],"product_cat":[],"product_tag":[716,821,735,710],"class_list":["post-11330","product","type-product","status-publish","hentry","product_tag-filmy-animowane-o-swietach","product_tag-marianna","product_tag-prezent-na-roczek-dziewczynka","product_tag-zagadki-dla-dzieci-10-12-lat"],"_links":{"self":[{"href":"http:\/\/klubmamgdynia.pl\/index.php\/wp-json\/wp\/v2\/product\/11330","targetHints":{"allow":["GET"]}}],"collection":[{"href":"http:\/\/klubmamgdynia.pl\/index.php\/wp-json\/wp\/v2\/product"}],"about":[{"href":"http:\/\/klubmamgdynia.pl\/index.php\/wp-json\/wp\/v2\/types\/product"}],"replies":[{"embeddable":true,"href":"http:\/\/klubmamgdynia.pl\/index.php\/wp-json\/wp\/v2\/comments?post=11330"}],"wp:attachment":[{"href":"http:\/\/klubmamgdynia.pl\/index.php\/wp-json\/wp\/v2\/media?parent=11330"}],"wp:term":[{"taxonomy":"product_cat","embeddable":true,"href":"http:\/\/klubmamgdynia.pl\/index.php\/wp-json\/wp\/v2\/product_cat?post=11330"},{"taxonomy":"product_tag","embeddable":true,"href":"http:\/\/klubmamgdynia.pl\/index.php\/wp-json\/wp\/v2\/product_tag?post=11330"}],"curies":[{"name":"wp","href":"https:\/\/api.w.org\/{rel}","templated":true}]}}