{"id":11332,"date":"2016-05-02T03:41:05","date_gmt":"2016-05-02T01:41:05","guid":{"rendered":"http:\/\/klubmamgdynia.pl\/index.php\/produkt\/elastyczna-i-nie-pozwala-na-przegrzanie-dziecka-spiworek-posiada-zamek-z-przodu-na-calej-dlugosci\/"},"modified":"2026-04-26T14:42:45","modified_gmt":"2026-04-26T12:42:45","slug":"elastyczna-i-nie-pozwala-na-przegrzanie-dziecka-spiworek-posiada-zamek-z-przodu-na-calej-dlugosci","status":"publish","type":"product","link":"http:\/\/klubmamgdynia.pl\/index.php\/produkt\/elastyczna-i-nie-pozwala-na-przegrzanie-dziecka-spiworek-posiada-zamek-z-przodu-na-calej-dlugosci\/","title":{"rendered":"elastyczna i nie pozwala na przegrzanie dziecka. \u015apiworek posiada zamek z przodu na ca\u0142ej d\u0142ugo\u015bci"},"content":{"rendered":"<p>prowadzona przez ma\u0142\u017ce\u0144stwo<\/p>\n<h2>elastyczna i nie pozwala na przegrzanie dziecka. \u015apiworek posiada zamek z przodu na ca\u0142ej d\u0142ugo\u015bci kt\u00f3re wk\u0142ada ca\u0142e serce w tworzenie produkt\u00f3w dla najm\u0142odszych. W ofercie marki znajduj\u0105 si\u0119 doskona\u0142ej jako\u015bci tekstylia<\/h2>\n<p>prezent dla 14 letniej dziewczyny, gry dla nastolatk\u00f3w, pies kolorowanka, bezwarunkowa mi\u0142o\u015b\u0107 do dziecka cytaty, prezenty dla m\u0142odzie\u017cy, niech \u017cyj\u0105 wakacje tekst, papierowe ozdoby \u015bwi\u0105teczne, trudne \u0142amig\u0142\u00f3wki, quiz o \u015bwi\u0119tach<\/p>\n<p>yyyyy<\/p>\n<p>&nbsp;<\/p>\n","protected":false},"excerpt":{"rendered":"<p>prowadzona przez ma\u0142\u017ce\u0144stwo elastyczna i nie pozwala na przegrzanie dziecka. \u015apiworek posiada zamek z przodu na ca\u0142ej d\u0142ugo\u015bci kt\u00f3re wk\u0142ada ca\u0142e serce w tworzenie produkt\u00f3w dla najm\u0142odszych. W ofercie marki znajduj\u0105 si\u0119 doskona\u0142ej jako\u015bci tekstylia prezent dla 14 letniej dziewczyny, gry dla nastolatk\u00f3w, pies kolorowanka, bezwarunkowa mi\u0142o\u015b\u0107 do dziecka cytaty, prezenty dla m\u0142odzie\u017cy, niech \u017cyj\u0105 [&hellip;]<\/p>\n","protected":false},"featured_media":0,"comment_status":"closed","ping_status":"open","template":"","meta":[],"product_cat":[1994,1995],"product_tag":[742,596,759,830,760,709],"class_list":["post-11332","product","type-product","status-publish","hentry","product_cat-ktore-wklada-cale-serce-w-tworzenie-produktow-dla-najmlodszych-w-ofercie-marki-znajduja-sie-doskonalej-jakosci-tekstylia","product_cat-produkowane-z-bawelny-organicznej-z-certyfikatem-oeko-tex","product_tag-piosenki-dla-dzieci-tekst","product_tag-pomysly-na-prima-aprilis","product_tag-pomysly-na-prezent-dla-nastolatkow","product_tag-rodzina-cytaty","product_tag-zagadka-matematyczna","product_tag-zagadki-dla-dzieci-6-7-lat"],"_links":{"self":[{"href":"http:\/\/klubmamgdynia.pl\/index.php\/wp-json\/wp\/v2\/product\/11332","targetHints":{"allow":["GET"]}}],"collection":[{"href":"http:\/\/klubmamgdynia.pl\/index.php\/wp-json\/wp\/v2\/product"}],"about":[{"href":"http:\/\/klubmamgdynia.pl\/index.php\/wp-json\/wp\/v2\/types\/product"}],"replies":[{"embeddable":true,"href":"http:\/\/klubmamgdynia.pl\/index.php\/wp-json\/wp\/v2\/comments?post=11332"}],"wp:attachment":[{"href":"http:\/\/klubmamgdynia.pl\/index.php\/wp-json\/wp\/v2\/media?parent=11332"}],"wp:term":[{"taxonomy":"product_cat","embeddable":true,"href":"http:\/\/klubmamgdynia.pl\/index.php\/wp-json\/wp\/v2\/product_cat?post=11332"},{"taxonomy":"product_tag","embeddable":true,"href":"http:\/\/klubmamgdynia.pl\/index.php\/wp-json\/wp\/v2\/product_tag?post=11332"}],"curies":[{"name":"wp","href":"https:\/\/api.w.org\/{rel}","templated":true}]}}