{"id":11333,"date":"2021-09-04T17:40:57","date_gmt":"2021-09-04T15:40:57","guid":{"rendered":"http:\/\/klubmamgdynia.pl\/index.php\/produkt\/11333\/"},"modified":"2026-05-01T14:42:44","modified_gmt":"2026-05-01T12:42:44","slug":"11333","status":"publish","type":"product","link":"http:\/\/klubmamgdynia.pl\/index.php\/produkt\/11333\/","title":{"rendered":""},"content":{"rendered":"<h2> <\/h2>\n<p>kanapki dla dzieci, znaczenie imiona justyna, prima aprilis \u017carty dla rodzic\u00f3w, znaki drogowe quizy, dla nastolatk\u00f3w prezenty, bajka na dobranoc do czytania, wierszyki na smigus dyngus, wakacyjne kolorowanki, prezent dla roczniaka, film o \u015bwi\u0119tach dla dzieci, pomys\u0142 na prezent dla 15 latki, najlepsze place zabaw warszawa, kolorowanki wakacyjne, zadania logiczne, zagadki matematyczne dla dzieci 7 lat, hobbit, tabliczka mno\u017cenia do druku, wierszyki na dobranoc dla dzieci<\/p>\n<p>yyyyy<\/p>\n<p>&nbsp;<\/p>\n","protected":false},"excerpt":{"rendered":"<p>kanapki dla dzieci, znaczenie imiona justyna, prima aprilis \u017carty dla rodzic\u00f3w, znaki drogowe quizy, dla nastolatk\u00f3w prezenty, bajka na dobranoc do czytania, wierszyki na smigus dyngus, wakacyjne kolorowanki, prezent dla roczniaka, film o \u015bwi\u0119tach dla dzieci, pomys\u0142 na prezent dla 15 latki, najlepsze place zabaw warszawa, kolorowanki wakacyjne, zadania logiczne, zagadki matematyczne dla dzieci 7 [&hellip;]<\/p>\n","protected":false},"featured_media":0,"comment_status":"closed","ping_status":"open","template":"","meta":[],"product_cat":[],"product_tag":[747,599,774,804],"class_list":["post-11333","product","type-product","status-publish","hentry","product_tag-malowanki-do-druku","product_tag-prezent-dla-nastolatkow-2021","product_tag-prezent-na-roczek-nie-zabawka","product_tag-ryz-z-owocami"],"_links":{"self":[{"href":"http:\/\/klubmamgdynia.pl\/index.php\/wp-json\/wp\/v2\/product\/11333","targetHints":{"allow":["GET"]}}],"collection":[{"href":"http:\/\/klubmamgdynia.pl\/index.php\/wp-json\/wp\/v2\/product"}],"about":[{"href":"http:\/\/klubmamgdynia.pl\/index.php\/wp-json\/wp\/v2\/types\/product"}],"replies":[{"embeddable":true,"href":"http:\/\/klubmamgdynia.pl\/index.php\/wp-json\/wp\/v2\/comments?post=11333"}],"wp:attachment":[{"href":"http:\/\/klubmamgdynia.pl\/index.php\/wp-json\/wp\/v2\/media?parent=11333"}],"wp:term":[{"taxonomy":"product_cat","embeddable":true,"href":"http:\/\/klubmamgdynia.pl\/index.php\/wp-json\/wp\/v2\/product_cat?post=11333"},{"taxonomy":"product_tag","embeddable":true,"href":"http:\/\/klubmamgdynia.pl\/index.php\/wp-json\/wp\/v2\/product_tag?post=11333"}],"curies":[{"name":"wp","href":"https:\/\/api.w.org\/{rel}","templated":true}]}}