{"id":11334,"date":"2024-10-20T13:03:50","date_gmt":"2024-10-20T11:03:50","guid":{"rendered":"http:\/\/klubmamgdynia.pl\/?post_type=product&#038;p=11334"},"modified":"2026-04-05T00:36:53","modified_gmt":"2026-04-04T22:36:53","slug":"ktore-przedstawiaja-8-roznych-postaci-lub-rzeczy-dzieki-nim","status":"publish","type":"product","link":"http:\/\/klubmamgdynia.pl\/index.php\/produkt\/ktore-przedstawiaja-8-roznych-postaci-lub-rzeczy-dzieki-nim\/","title":{"rendered":"kt\u00f3re przedstawiaj\u0105 8 r\u00f3\u017cnych postaci lub rzeczy. Dzi\u0119ki nim"},"content":{"rendered":"<p>8 szablon\u00f3w wewn\u0119trznych<\/p>\n<h2>kt\u00f3re przedstawiaj\u0105 8 r\u00f3\u017cnych postaci lub rzeczy. Dzi\u0119ki nim 12 kredek<\/h2>\n<p>kolorowanka elsa, cytat z ma\u0142ego ksi\u0119cia o przyja\u017ani, bajka o kreciku, kajko i kokosz szko\u0142a latania &#8211; test do wydruku, basen warszawa, wiosenne zagadki, test z dynastii mizio\u0142k\u00f3w, matematyczne zagadki, basen dla dzieci warszawa, zagadki matematyczne, bajka dla niemowlaka, kolorowanki wakacje, korczak cytaty, pomys\u0142 na prezent dla nastolatki, ko\u0142ysanki dla dzieci tekst, test znaki drogowe, kolorowanka dla dziewczynki, twarz wiosny do druku, zagadki dla dzieci 7 lat<\/p>\n<p>yyyyy<\/p>\n<p>&nbsp;<\/p>\n","protected":false},"excerpt":{"rendered":"<p>8 szablon\u00f3w wewn\u0119trznych kt\u00f3re przedstawiaj\u0105 8 r\u00f3\u017cnych postaci lub rzeczy. Dzi\u0119ki nim 12 kredek kolorowanka elsa, cytat z ma\u0142ego ksi\u0119cia o przyja\u017ani, bajka o kreciku, kajko i kokosz szko\u0142a latania &#8211; test do wydruku, basen warszawa, wiosenne zagadki, test z dynastii mizio\u0142k\u00f3w, matematyczne zagadki, basen dla dzieci warszawa, zagadki matematyczne, bajka dla niemowlaka, kolorowanki wakacje, [&hellip;]<\/p>\n","protected":false},"featured_media":0,"comment_status":"closed","ping_status":"open","template":"","meta":[],"product_cat":[1996,1997],"product_tag":[658,662,663,841,846],"class_list":["post-11334","product","type-product","status-publish","hentry","product_cat-12-kredek","product_cat-olowek","product_tag-alan-znaczenie-imienia","product_tag-bajki-na-dobranoc","product_tag-kolorowanki-dla-dzieci-do-druku","product_tag-quiz-o-flagach","product_tag-rysowanki"],"_links":{"self":[{"href":"http:\/\/klubmamgdynia.pl\/index.php\/wp-json\/wp\/v2\/product\/11334","targetHints":{"allow":["GET"]}}],"collection":[{"href":"http:\/\/klubmamgdynia.pl\/index.php\/wp-json\/wp\/v2\/product"}],"about":[{"href":"http:\/\/klubmamgdynia.pl\/index.php\/wp-json\/wp\/v2\/types\/product"}],"replies":[{"embeddable":true,"href":"http:\/\/klubmamgdynia.pl\/index.php\/wp-json\/wp\/v2\/comments?post=11334"}],"wp:attachment":[{"href":"http:\/\/klubmamgdynia.pl\/index.php\/wp-json\/wp\/v2\/media?parent=11334"}],"wp:term":[{"taxonomy":"product_cat","embeddable":true,"href":"http:\/\/klubmamgdynia.pl\/index.php\/wp-json\/wp\/v2\/product_cat?post=11334"},{"taxonomy":"product_tag","embeddable":true,"href":"http:\/\/klubmamgdynia.pl\/index.php\/wp-json\/wp\/v2\/product_tag?post=11334"}],"curies":[{"name":"wp","href":"https:\/\/api.w.org\/{rel}","templated":true}]}}