{"id":11337,"date":"2016-01-28T19:14:03","date_gmt":"2016-01-28T18:14:03","guid":{"rendered":"http:\/\/klubmamgdynia.pl\/index.php\/produkt\/11337\/"},"modified":"2026-04-30T04:04:05","modified_gmt":"2026-04-30T02:04:05","slug":"11337","status":"publish","type":"product","link":"http:\/\/klubmamgdynia.pl\/index.php\/produkt\/11337\/","title":{"rendered":""},"content":{"rendered":"<h2> <\/h2>\n<p>trudne zagadki i odpowiedzi, zabawy dla 7 latki, quizy \u015bwi\u0105teczne bo\u017ce narodzenie, opowie\u015bci z narni test, zagadka logiczna, aforyzmy o dzieciach, alan imie, horror dla dzieci, wakacyjne kolorowanki, leonardo imie, mini kanapki dla dzieci, szopka do druku, prezent dla rocznego ch\u0142opca, zagadki wielkanocne do druku, paloma, karty pracy dla dzieci z ukrainy pdf, zagadki dla 8 latka, atrakcje dla dzieci wroc\u0142aw 2021<\/p>\n<p>yyyyy<\/p>\n<p>&nbsp;<\/p>\n","protected":false},"excerpt":{"rendered":"<p>trudne zagadki i odpowiedzi, zabawy dla 7 latki, quizy \u015bwi\u0105teczne bo\u017ce narodzenie, opowie\u015bci z narni test, zagadka logiczna, aforyzmy o dzieciach, alan imie, horror dla dzieci, wakacyjne kolorowanki, leonardo imie, mini kanapki dla dzieci, szopka do druku, prezent dla rocznego ch\u0142opca, zagadki wielkanocne do druku, paloma, karty pracy dla dzieci z ukrainy pdf, zagadki dla [&hellip;]<\/p>\n","protected":false},"featured_media":0,"comment_status":"closed","ping_status":"open","template":"","meta":[],"product_cat":[],"product_tag":[740,669,764,602],"class_list":["post-11337","product","type-product","status-publish","hentry","product_tag-fajne-prezenty-dla-nastolatkow","product_tag-kolorowanki","product_tag-prezenty-na-roczek-dla-dziewczynki","product_tag-quiz-o-zwierzetach-domowych"],"_links":{"self":[{"href":"http:\/\/klubmamgdynia.pl\/index.php\/wp-json\/wp\/v2\/product\/11337","targetHints":{"allow":["GET"]}}],"collection":[{"href":"http:\/\/klubmamgdynia.pl\/index.php\/wp-json\/wp\/v2\/product"}],"about":[{"href":"http:\/\/klubmamgdynia.pl\/index.php\/wp-json\/wp\/v2\/types\/product"}],"replies":[{"embeddable":true,"href":"http:\/\/klubmamgdynia.pl\/index.php\/wp-json\/wp\/v2\/comments?post=11337"}],"wp:attachment":[{"href":"http:\/\/klubmamgdynia.pl\/index.php\/wp-json\/wp\/v2\/media?parent=11337"}],"wp:term":[{"taxonomy":"product_cat","embeddable":true,"href":"http:\/\/klubmamgdynia.pl\/index.php\/wp-json\/wp\/v2\/product_cat?post=11337"},{"taxonomy":"product_tag","embeddable":true,"href":"http:\/\/klubmamgdynia.pl\/index.php\/wp-json\/wp\/v2\/product_tag?post=11337"}],"curies":[{"name":"wp","href":"https:\/\/api.w.org\/{rel}","templated":true}]}}