{"id":11340,"date":"2011-07-29T05:40:16","date_gmt":"2011-07-29T03:40:16","guid":{"rendered":"http:\/\/klubmamgdynia.pl\/index.php\/produkt\/11340\/"},"modified":"2026-04-26T22:54:53","modified_gmt":"2026-04-26T20:54:53","slug":"11340","status":"publish","type":"product","link":"http:\/\/klubmamgdynia.pl\/index.php\/produkt\/11340\/","title":{"rendered":""},"content":{"rendered":"<h2> <\/h2>\n<p>kolorowanki na dzie\u0144 mamy, wierszyki na smigus dyngus, mia, zagadki dla dzieci 7-8 lat, gdzie strumyk p\u0142ynie z wolna, ko\u0142ysanki dla dzieci + tekst, zaproszenia na urodziny do wydruku, sta\u0142a pod \u015bniegiem, leonardo imi\u0119, jak narysowa\u0107 psa, r\u00f3\u017cne zagadki, zagadki logiczne dla doros\u0142ych, park so\u0142acki, prezent na roczek od babci, pomys\u0142 na prezent dla nastolatka<\/p>\n<p>yyyyy<\/p>\n<p>&nbsp;<\/p>\n","protected":false},"excerpt":{"rendered":"<p>kolorowanki na dzie\u0144 mamy, wierszyki na smigus dyngus, mia, zagadki dla dzieci 7-8 lat, gdzie strumyk p\u0142ynie z wolna, ko\u0142ysanki dla dzieci + tekst, zaproszenia na urodziny do wydruku, sta\u0142a pod \u015bniegiem, leonardo imi\u0119, jak narysowa\u0107 psa, r\u00f3\u017cne zagadki, zagadki logiczne dla doros\u0142ych, park so\u0142acki, prezent na roczek od babci, pomys\u0142 na prezent dla nastolatka [&hellip;]<\/p>\n","protected":false},"featured_media":0,"comment_status":"closed","ping_status":"open","template":"","meta":[],"product_cat":[],"product_tag":[801,667,618,734],"class_list":["post-11340","product","type-product","status-publish","hentry","product_tag-bajki-terapeutyczne-o-emocjach","product_tag-kolorowanka-lol","product_tag-lato-lato-lato-czeka-tekst","product_tag-milan-imie"],"_links":{"self":[{"href":"http:\/\/klubmamgdynia.pl\/index.php\/wp-json\/wp\/v2\/product\/11340","targetHints":{"allow":["GET"]}}],"collection":[{"href":"http:\/\/klubmamgdynia.pl\/index.php\/wp-json\/wp\/v2\/product"}],"about":[{"href":"http:\/\/klubmamgdynia.pl\/index.php\/wp-json\/wp\/v2\/types\/product"}],"replies":[{"embeddable":true,"href":"http:\/\/klubmamgdynia.pl\/index.php\/wp-json\/wp\/v2\/comments?post=11340"}],"wp:attachment":[{"href":"http:\/\/klubmamgdynia.pl\/index.php\/wp-json\/wp\/v2\/media?parent=11340"}],"wp:term":[{"taxonomy":"product_cat","embeddable":true,"href":"http:\/\/klubmamgdynia.pl\/index.php\/wp-json\/wp\/v2\/product_cat?post=11340"},{"taxonomy":"product_tag","embeddable":true,"href":"http:\/\/klubmamgdynia.pl\/index.php\/wp-json\/wp\/v2\/product_tag?post=11340"}],"curies":[{"name":"wp","href":"https:\/\/api.w.org\/{rel}","templated":true}]}}