{"id":11341,"date":"2024-08-25T18:18:49","date_gmt":"2024-08-25T16:18:49","guid":{"rendered":"http:\/\/klubmamgdynia.pl\/?post_type=product&#038;p=11341"},"modified":"2026-04-29T17:34:58","modified_gmt":"2026-04-29T15:34:58","slug":"11341","status":"publish","type":"product","link":"http:\/\/klubmamgdynia.pl\/index.php\/produkt\/11341\/","title":{"rendered":""},"content":{"rendered":"<h2> <\/h2>\n<p>opisy do zdj dziecka, jak narysowa\u0107 oko, bo\u017ce narodzenie quiz, po\u0142\u0105cz kropki do wydruku pdf, literki do druku, test dynastia mizio\u0142k\u00f3w, milan znaczenie imienia, ma\u0142y ksi\u0105\u017c\u0119 cytaty o przyja\u017ani, bajka do czytania o piesku, najrzadsze imiona w polsce, lol kolorowanka do druku, zagadki o zwierz\u0119tach dla dzieci, psi patrol do druku, quiz o hejka tu lenka, rodzina cytaty<\/p>\n<p>yyyyy<\/p>\n<p>&nbsp;<\/p>\n","protected":false},"excerpt":{"rendered":"<p>opisy do zdj dziecka, jak narysowa\u0107 oko, bo\u017ce narodzenie quiz, po\u0142\u0105cz kropki do wydruku pdf, literki do druku, test dynastia mizio\u0142k\u00f3w, milan znaczenie imienia, ma\u0142y ksi\u0105\u017c\u0119 cytaty o przyja\u017ani, bajka do czytania o piesku, najrzadsze imiona w polsce, lol kolorowanka do druku, zagadki o zwierz\u0119tach dla dzieci, psi patrol do druku, quiz o hejka tu [&hellip;]<\/p>\n","protected":false},"featured_media":0,"comment_status":"closed","ping_status":"open","template":"","meta":[],"product_cat":[],"product_tag":[685,852,665,762,824],"class_list":["post-11341","product","type-product","status-publish","hentry","product_tag-cytaty-o-rodzinie","product_tag-jak-zrobic-samolot-z-papieru","product_tag-proste-zagadki","product_tag-trudne-zagadki-dla-dzieci","product_tag-warszawa-atrakcje-dla-dzieci"],"_links":{"self":[{"href":"http:\/\/klubmamgdynia.pl\/index.php\/wp-json\/wp\/v2\/product\/11341","targetHints":{"allow":["GET"]}}],"collection":[{"href":"http:\/\/klubmamgdynia.pl\/index.php\/wp-json\/wp\/v2\/product"}],"about":[{"href":"http:\/\/klubmamgdynia.pl\/index.php\/wp-json\/wp\/v2\/types\/product"}],"replies":[{"embeddable":true,"href":"http:\/\/klubmamgdynia.pl\/index.php\/wp-json\/wp\/v2\/comments?post=11341"}],"wp:attachment":[{"href":"http:\/\/klubmamgdynia.pl\/index.php\/wp-json\/wp\/v2\/media?parent=11341"}],"wp:term":[{"taxonomy":"product_cat","embeddable":true,"href":"http:\/\/klubmamgdynia.pl\/index.php\/wp-json\/wp\/v2\/product_cat?post=11341"},{"taxonomy":"product_tag","embeddable":true,"href":"http:\/\/klubmamgdynia.pl\/index.php\/wp-json\/wp\/v2\/product_tag?post=11341"}],"curies":[{"name":"wp","href":"https:\/\/api.w.org\/{rel}","templated":true}]}}