{"id":11342,"date":"2021-09-21T01:35:46","date_gmt":"2021-09-20T23:35:46","guid":{"rendered":"http:\/\/klubmamgdynia.pl\/index.php\/produkt\/11342\/"},"modified":"2026-04-22T23:31:43","modified_gmt":"2026-04-22T21:31:43","slug":"11342","status":"publish","type":"product","link":"http:\/\/klubmamgdynia.pl\/index.php\/produkt\/11342\/","title":{"rendered":""},"content":{"rendered":"<h2> <\/h2>\n<p>film animowany o \u015bwi\u0119tach, prezent dla 7 latka, w uk\u0142adzie s\u0142onecznym tekst, cytaty o dzieciach, maska batmana do druku, laurka dla babci, znane misie z bajek, dyplomy szablony pdf, miko\u0142ajek test z lektury<\/p>\n<p>yyyyy<\/p>\n<p>&nbsp;<\/p>\n","protected":false},"excerpt":{"rendered":"<p>film animowany o \u015bwi\u0119tach, prezent dla 7 latka, w uk\u0142adzie s\u0142onecznym tekst, cytaty o dzieciach, maska batmana do druku, laurka dla babci, znane misie z bajek, dyplomy szablony pdf, miko\u0142ajek test z lektury yyyyy &nbsp;<\/p>\n","protected":false},"featured_media":0,"comment_status":"closed","ping_status":"open","template":"","meta":[],"product_cat":[],"product_tag":[749,643,708,628,694,607],"class_list":["post-11342","product","type-product","status-publish","hentry","product_tag-najlepsze-zarty-na-prima-aprilis","product_tag-prezent-dla-17-latki","product_tag-zabawy-ruchowe-dla-dzieci","product_tag-zagadka","product_tag-zagadki-swiateczne-dla-dzieci","product_tag-zarty-na-prima-aprilis-dla-rodzicow"],"_links":{"self":[{"href":"http:\/\/klubmamgdynia.pl\/index.php\/wp-json\/wp\/v2\/product\/11342","targetHints":{"allow":["GET"]}}],"collection":[{"href":"http:\/\/klubmamgdynia.pl\/index.php\/wp-json\/wp\/v2\/product"}],"about":[{"href":"http:\/\/klubmamgdynia.pl\/index.php\/wp-json\/wp\/v2\/types\/product"}],"replies":[{"embeddable":true,"href":"http:\/\/klubmamgdynia.pl\/index.php\/wp-json\/wp\/v2\/comments?post=11342"}],"wp:attachment":[{"href":"http:\/\/klubmamgdynia.pl\/index.php\/wp-json\/wp\/v2\/media?parent=11342"}],"wp:term":[{"taxonomy":"product_cat","embeddable":true,"href":"http:\/\/klubmamgdynia.pl\/index.php\/wp-json\/wp\/v2\/product_cat?post=11342"},{"taxonomy":"product_tag","embeddable":true,"href":"http:\/\/klubmamgdynia.pl\/index.php\/wp-json\/wp\/v2\/product_tag?post=11342"}],"curies":[{"name":"wp","href":"https:\/\/api.w.org\/{rel}","templated":true}]}}